{"id":12830,"date":"2025-12-01T19:09:46","date_gmt":"2025-12-01T19:09:46","guid":{"rendered":"https:\/\/rossymina.cat\/producto\/cartera-petita-de-pell-amb-boto\/"},"modified":"2026-01-13T21:15:25","modified_gmt":"2026-01-13T21:15:25","slug":"cartera-petita-de-pell-amb-boto","status":"publish","type":"product","link":"https:\/\/rossymina.cat\/fr\/cartera-petita-de-pell-amb-boto\/","title":{"rendered":"Petit portefeuille en cuir avec bouton"},"content":{"rendered":"<h1>cartera petita de cuir per a monedes i targetes<\/h1>\n<p>Aquesta cartera petita i compacta de cuir t\u00e9 capacitat per a monedes, targetes i bitllets.<\/p>\n<p>Es tanca b\u00e9 amb un bot\u00f3 a pressi\u00f3 que es mant\u00e9 unit de manera segura i compacta.<\/p>\n<p>Aquesta cartera de forma ovalada \u00e9s lleugera i prima, i alhora funcional i minimalista. La pell de vaca que fem servir \u00e9s aut\u00e8ntica, adobada naturalment i t\u00e9 un tacte suau i agradable. Seleccionem i escollim acuradament cada combinaci\u00f3 de colors per crear una pe\u00e7a \u00fanica perqu\u00e8 gaudiu de la vostra pell feta a m\u00e0. A l&#8217;interior trobareu un compartiment per a targetes i un compartiment per a monedes amb cremallera. El bot\u00f3 a pressi\u00f3 \u00e9s per a m\u00e9s seguretat i comoditat.<br \/>\nAnomeneu-la com vulgueu: cartera, moneder o portamonedes, les vostres targetes i bitllets estaran segurs i ajustats.<\/p>\n<p>DIMENSIONS<\/p>\n<p>Una vegada oberta, fa 11,5 x 14 cm o 4,5&#8243; x 5,5&#8243;.<br \/>\nUna vegada tancada, fa 11,5 per 8 cm o 4,4&#8243; x 3,2&#8243;.<\/p>\n<p>1 ranura per a targetes o bitllets plegats.<\/p>\n<p>1 compartiment amb cremallera per a monedes.<\/p>\n<p>Bot\u00f3 de tancament de seguretat.<\/p>","protected":false},"excerpt":{"rendered":"<p>Organitzador de cartera compacte<\/p>","protected":false},"featured_media":8022,"template":"","meta":[],"product_brand":[],"product_cat":[272],"product_tag":[],"class_list":{"0":"post-12830","1":"product","2":"type-product","3":"status-publish","4":"has-post-thumbnail","6":"product_cat-carteres-i-targeters","7":"pa_color-bronzejat","8":"pa_color-marro","9":"pa_color-multicolor","10":"pa_color-negre","12":"first","13":"instock","14":"shipping-taxable","15":"purchasable","16":"product-type-variable"},"booking_location":null,"booking_location_type":null,"booking_duration":null,"booking_duration_unit":null,"booking_buffer":null,"booking_cost":null,"booking_resources":null,"_links":{"self":[{"href":"https:\/\/rossymina.cat\/fr\/wp-json\/wp\/v2\/product\/12830","targetHints":{"allow":["GET"]}}],"collection":[{"href":"https:\/\/rossymina.cat\/fr\/wp-json\/wp\/v2\/product"}],"about":[{"href":"https:\/\/rossymina.cat\/fr\/wp-json\/wp\/v2\/types\/product"}],"wp:featuredmedia":[{"embeddable":true,"href":"https:\/\/rossymina.cat\/fr\/wp-json\/wp\/v2\/media\/8022"}],"wp:attachment":[{"href":"https:\/\/rossymina.cat\/fr\/wp-json\/wp\/v2\/media?parent=12830"}],"wp:term":[{"taxonomy":"product_brand","embeddable":true,"href":"https:\/\/rossymina.cat\/fr\/wp-json\/wp\/v2\/product_brand?post=12830"},{"taxonomy":"product_cat","embeddable":true,"href":"https:\/\/rossymina.cat\/fr\/wp-json\/wp\/v2\/product_cat?post=12830"},{"taxonomy":"product_tag","embeddable":true,"href":"https:\/\/rossymina.cat\/fr\/wp-json\/wp\/v2\/product_tag?post=12830"}],"curies":[{"name":"wp","href":"https:\/\/api.w.org\/{rel}","templated":true}]}}