{"id":12887,"date":"2025-12-01T19:10:09","date_gmt":"2025-12-01T19:10:09","guid":{"rendered":"https:\/\/rossymina.cat\/producto\/cinturo-negre-amb-libel%c2%b7lules\/"},"modified":"2026-05-05T15:27:20","modified_gmt":"2026-05-05T15:27:20","slug":"cinturo-negre-amb-libel%c2%b7lules","status":"publish","type":"product","link":"https:\/\/rossymina.cat\/fr\/cinturo-negre-amb-libel%c2%b7lules\/","title":{"rendered":"Ceinture noire orn\u00e9e de libellules"},"content":{"rendered":"<blockquote><p>Cintur\u00f3 de cuir negre per a dona amb un disseny de lib\u00e8l\u00b7lula i un toc daurat. A Rossymina, fem els cinturons de cuir a m\u00e0 amb la millor qualitat de pell de vaca espanyola. Est\u00e0 disponible en altres colors.<br \/>\nAquest cintur\u00f3 pintat a m\u00e0 \u00e9s l&#8217;accessori perfecte per al teu vestit o pantalons. No nom\u00e9s subjectar\u00e0 els teus texans, sin\u00f3 que tamb\u00e9 far\u00e0 que el teu conjunt destaqui.<br \/>\nEls colors que utilitzem s\u00f3n especials i resistents, i estan fets especialment per a cuir. Utilitzem una sivella met\u00e0l\u00b7lica robusta en color or vell\/llaut\u00f3, que es mant\u00e9 fermament al seu lloc mitjan\u00e7ant un bot\u00f3 de cargol. L&#8217;\u00fas d&#8217;un cargol et permet canviar la sivella f\u00e0cilment per una altra de la teva elecci\u00f3. Les sivelles platejades estan disponibles a petici\u00f3.<\/p>\n<p>Accessori destacat.<br \/>\nUn imprescindible per a qualsevol armari.<br \/>\nCintur\u00f3 de cuir modern, elegant i preci\u00f3s.<br \/>\nUn cintur\u00f3 de cuir per a dona que combina perfectament amb els teus texans i vestits.<br \/>\nNous r\u00e9alisons 6 trous dans toutes nos ceintures en cuir sur mesure.<\/p>\n<p>\u2014\u2014-TAILLES\u2014\u2014-<\/p>\n<p>Fem quatre mides d&#8217;AMPLADA diferents:<\/p>\n<p>2 cm 3\/4\u201d ou 0,75\u201d<br \/>\n3 cm 1-1\/4\u201d ou 1,25\u201d<\/p>\n<p>3,5 cm o 1,4&#8243;<\/p>\n<p>4 cm o 1,6&#8243;<\/p>\n<p>Pour choisir la LONGUEUR correcte\u00a0:<\/p>\n<p>Mesura la mida de la teva cintura exactament on vols portar el cintur\u00f3.<\/p>\n<p>Tamb\u00e9 pots mesurar un cintur\u00f3 vell, des de la passadora de la sivella fins al forat que m\u00e9s utilitzes.<\/p>\n<p>Tria entre les mides disponibles des de XXXS 60 cm 24 polzades fins a XXXL 110 cm 42&#8221;<\/p>\n<p>El teu cintur\u00f3 tamb\u00e9 es pot ajustar exactament a les teves mesures personals.<\/p>\n<p>Si vous avez des questions, n&#039;h\u00e9sitez pas \u00e0 nous envoyer un message, nous serons ravis de vous aider \ud83d\ude42<\/p>\n<p>Cada pe\u00e7a del nostre taller \u00e9s \u00fanica, pintada a m\u00e0 i feta per enc\u00e0rrec, per la qual cosa no hi ha dos cinturons exactament iguals.<\/p>\n<p>Podem garantir que el vostre producte us mantindr\u00e0 feli\u00e7os i satisfets durant anys!<\/p><\/blockquote>","protected":false},"excerpt":{"rendered":"<p>Ceintures en cuir peintes \u00e0 la main avec boucle solide<\/p>","protected":false},"featured_media":5099,"template":"","meta":[],"product_brand":[],"product_cat":[253],"product_tag":[254,255,395],"class_list":{"0":"post-12887","1":"product","2":"type-product","3":"status-publish","4":"has-post-thumbnail","6":"product_cat-cinturons-de-cuir","7":"product_tag-cinturo-de-cuir-fet-a-ma","8":"product_tag-cuir-pintat-a-ma","9":"product_tag-cinturons-de-cuir-negre","11":"first","12":"instock","13":"shipping-taxable","14":"purchasable","15":"product-type-simple"},"booking_location":null,"booking_location_type":null,"booking_duration":null,"booking_duration_unit":null,"booking_buffer":null,"booking_cost":null,"booking_resources":null,"_links":{"self":[{"href":"https:\/\/rossymina.cat\/fr\/wp-json\/wp\/v2\/product\/12887","targetHints":{"allow":["GET"]}}],"collection":[{"href":"https:\/\/rossymina.cat\/fr\/wp-json\/wp\/v2\/product"}],"about":[{"href":"https:\/\/rossymina.cat\/fr\/wp-json\/wp\/v2\/types\/product"}],"wp:featuredmedia":[{"embeddable":true,"href":"https:\/\/rossymina.cat\/fr\/wp-json\/wp\/v2\/media\/5099"}],"wp:attachment":[{"href":"https:\/\/rossymina.cat\/fr\/wp-json\/wp\/v2\/media?parent=12887"}],"wp:term":[{"taxonomy":"product_brand","embeddable":true,"href":"https:\/\/rossymina.cat\/fr\/wp-json\/wp\/v2\/product_brand?post=12887"},{"taxonomy":"product_cat","embeddable":true,"href":"https:\/\/rossymina.cat\/fr\/wp-json\/wp\/v2\/product_cat?post=12887"},{"taxonomy":"product_tag","embeddable":true,"href":"https:\/\/rossymina.cat\/fr\/wp-json\/wp\/v2\/product_tag?post=12887"}],"curies":[{"name":"wp","href":"https:\/\/api.w.org\/{rel}","templated":true}]}}