{"id":12907,"date":"2025-12-01T19:10:15","date_gmt":"2025-12-01T19:10:15","guid":{"rendered":"https:\/\/rossymina.cat\/producto\/bossa-de-pell-de-color-negre-amb-cremallera\/"},"modified":"2026-01-13T21:15:39","modified_gmt":"2026-01-13T21:15:39","slug":"bossa-de-pell-de-color-negre-amb-cremallera","status":"publish","type":"product","link":"https:\/\/rossymina.cat\/fr\/bossa-de-pell-de-color-negre-amb-cremallera\/","title":{"rendered":"Sac en cuir noir avec fermeture \u00e9clair"},"content":{"rendered":"<p>Bossa de pell negra informal<\/p>\n<p>Bossa de pell per a cada dia<\/p>\n<p>Fem aquesta senzilla bossa de pell negra en tres mides<\/p>\n<p>pequena 10&#8243; o 22&#215;17 cm<\/p>\n<p>mediana 12&#8243; o 25&#215;20 cm<\/p>\n<p>larga 13,5&#8243; o 30&#215;24 cm<\/p>\n<p>La mida m\u00e9s petita t\u00e9 un compartiment i no t\u00e9 folre, les altres dues tenen butxaca interior i folre de cot\u00f3.<\/p>\n<p>Hem fet a m\u00e0 aquesta bossa de pell creuada en tres mides diferents: petita, mitjana o m\u00e9s gran. Aquesta bossa minimalista i funcional, llisa, est\u00e0 feta amb pell italiana suau de la millor qualitat. L&#8217;hem dissenyat amb cremallera i solapa.<br \/>\nAquesta bossa de pell est\u00e0 disponible en negre, marr\u00f3 clar, marr\u00f3 clar, color camel, beix, blanc i altres colors.<br \/>\nHem fet que aquesta bossa de pell sigui lleugera i c\u00f2moda de portar en qualsevol ocasi\u00f3 i estil, i prou gran per caber-hi tots els elements essencials.<br \/>\nLes mides mitjana i gran tenen un folre fet de 100% cot\u00f3 i una butxaca interior.<br \/>\nInclou una corretja ajustable de pell resistent amb ferramentes de llaut\u00f3 d&#8217;alta qualitat.<\/p>\n<p>&nbsp; <\/p>\n<p>\u2714 M\u00c9S PETIT:<br \/>\nUn \u00fanic compartiment, sense folre.<br \/>\n&#8212;DIMENSIONS:<br \/>\nAmplada: 8&#8243; | 21cm<br \/>\nAl\u00e7ada: 6&#8243; | 16cm<br \/>\nCorretja: Corretja d&#8217;espatlla ajustable 27&#8221; &#8211; 47,6&#8221; (70 cm &#8211; 120 cm)<br \/>\n&#8212;CAPACITAT: Hi cap el tel\u00e8fon, una cartera petita, claus, maquillatge, etc. <\/p>\n<p>\u2714 MITJ\u00c0:<br \/>\nFolre 100% cot\u00f3.<br \/>\nInclou una butxaca interior de seguretat amb cremallera. 6&#8243; d&#8217;amplada x 4 1\/3 d&#8217;al\u00e7ada (15cm\/11cm)<br \/>\n&#8212;DIMENSIONS:<br \/>\nAmplada: 9,6&#8243; | 25 cm<br \/>\nAl\u00e7ada: 7,5&#8243; | 19 cm<br \/>\nCorretja: Corretja d&#8217;espatlla ajustable 27&#8221; &#8211; 47,6&#8221; (70 cm &#8211; 120 cm)<br \/>\n&#8212;CAPACITAT: Pots cabre una tauleta petita o un llibre, una cartera, claus, maquillatge, etc.<\/p>\n<p>\u2714 M\u00c9S GRAN:<br \/>\nFolre 100% cot\u00f3.<\/p>\n<p>Inclou una butxaca interior de seguretat amb cremallera<br \/>\n&#8212;DIMENSIONS:<br \/>\nAmplada: 12&#8243; | 30 cm<br \/>\nAl\u00e7ada: 8&#8243; | 21 cm<br \/>\n&#8212;CAPACITAT: Pots cabre una tauleta petita o un llibre, una ampolla d&#8217;aigua petita, una cartera, claus, maquillatge, etc.<\/p>\n<p>Podem afegir una butxaca addicional a mida per a tu amb un cost addicional. Compra la bossa de la mida desitjada juntament amb la comanda personalitzada\/personalitzaci\u00f3 de la fitxa.<\/p>","protected":false},"excerpt":{"rendered":"<p>Bossa senzilla i divertida<\/p>\n<p>Bossa de m\u00e0 de disseny<br \/>\nBosses i moneders de dona<br \/>\nBosses de casament<br \/>\nBosses de m\u00e0 \u00faniques fetes a m\u00e0<br \/>\nFabriqu\u00e9 \u00e0 la main \u00e0 Barcelone<\/p>\n<p>Bossa de pell de color negre pur amb o sense solapa.<\/p>","protected":false},"featured_media":8398,"template":"","meta":[],"product_brand":[],"product_cat":[273,246],"product_tag":[397,401,402,400],"class_list":{"0":"post-12907","1":"product","2":"type-product","3":"status-publish","4":"has-post-thumbnail","6":"product_cat-bosses-llises-pell","7":"product_cat-bosses-de-pell","8":"product_tag-bossa-creuada","9":"product_tag-bossa-de-pell-de-color-negre","10":"product_tag-bossa-negra","11":"product_tag-pell-de-color-negre","13":"first","14":"instock","15":"shipping-taxable","16":"purchasable","17":"product-type-simple"},"booking_location":null,"booking_location_type":null,"booking_duration":null,"booking_duration_unit":null,"booking_buffer":null,"booking_cost":null,"booking_resources":null,"_links":{"self":[{"href":"https:\/\/rossymina.cat\/fr\/wp-json\/wp\/v2\/product\/12907","targetHints":{"allow":["GET"]}}],"collection":[{"href":"https:\/\/rossymina.cat\/fr\/wp-json\/wp\/v2\/product"}],"about":[{"href":"https:\/\/rossymina.cat\/fr\/wp-json\/wp\/v2\/types\/product"}],"wp:featuredmedia":[{"embeddable":true,"href":"https:\/\/rossymina.cat\/fr\/wp-json\/wp\/v2\/media\/8398"}],"wp:attachment":[{"href":"https:\/\/rossymina.cat\/fr\/wp-json\/wp\/v2\/media?parent=12907"}],"wp:term":[{"taxonomy":"product_brand","embeddable":true,"href":"https:\/\/rossymina.cat\/fr\/wp-json\/wp\/v2\/product_brand?post=12907"},{"taxonomy":"product_cat","embeddable":true,"href":"https:\/\/rossymina.cat\/fr\/wp-json\/wp\/v2\/product_cat?post=12907"},{"taxonomy":"product_tag","embeddable":true,"href":"https:\/\/rossymina.cat\/fr\/wp-json\/wp\/v2\/product_tag?post=12907"}],"curies":[{"name":"wp","href":"https:\/\/api.w.org\/{rel}","templated":true}]}}