{"id":12911,"date":"2025-12-01T19:10:15","date_gmt":"2025-12-01T19:10:15","guid":{"rendered":"https:\/\/rossymina.cat\/producto\/bossa-petita-de-pell-bandolera\/"},"modified":"2026-01-13T21:16:02","modified_gmt":"2026-01-13T21:16:02","slug":"bossa-petita-de-pell-bandolera","status":"publish","type":"product","link":"https:\/\/rossymina.cat\/fr\/bossa-petita-de-pell-bandolera\/","title":{"rendered":"petite sacoche bandouli\u00e8re en cuir"},"content":{"rendered":"<h1>Bossa bandolera de pell negra amb solapa i cremallera<\/h1>\n<p>Mida 21x 17cm<\/p>\n<h1><a href=\"https:\/\/photos.google.com\/photo\/AF1QipOlKq9Xhxqh4S6aBWNeNVFZdphMDStgeMS89wE4\" target=\"_blank\" rel=\"noopener\">v\u00eddeo<\/a><\/h1>\n<p>Bossa bandolera petita de pell llisa amb un disseny elegant i cremallera en pell negra, marr\u00f3 clar o groga.<br \/>\nHem fet aquesta bossa de pell lleugera i c\u00f2moda per portar-la en qualsevol ocasi\u00f3 i estil.<\/p>\n<p>Emporta&#8217;t els teus imprescindibles a qualsevol lloc amb aquesta bossa minimalista i mai passa de moda!<br \/>\nTamb\u00e9 \u00e9s molt vers\u00e0til, pot ser elegant o m\u00e9s esportiva, depenent del teu conjunt:-<\/p>","protected":false},"excerpt":{"rendered":"<h1>Bossa bandolera de pell negra amb cremallera<\/h1>\n<p>Bossa senzilla i divertida<\/p>\n<p>Bossa de m\u00e0 de disseny<br \/>\nBosses i moneders de dona<br \/>\nBosses de casament<br \/>\nBosses de m\u00e0 \u00faniques fetes a m\u00e0<br \/>\nFabriqu\u00e9 \u00e0 la main \u00e0 Barcelone<\/p>\n<p>Bossa bandolera de pell de color negre pur<\/p>","protected":false},"featured_media":7037,"template":"","meta":[],"product_brand":[],"product_cat":[273,246],"product_tag":[333,336,403,335],"class_list":{"0":"post-12911","1":"product","2":"type-product","3":"status-publish","4":"has-post-thumbnail","6":"product_cat-bosses-llises-pell","7":"product_cat-bosses-de-pell","8":"product_tag-bossa-de-cuir-feta-a-ma","9":"product_tag-bossa-de-cuir-marro-clar","10":"product_tag-bossa-de-cuir-negra","11":"product_tag-bosses-creuades","13":"first","14":"instock","15":"shipping-taxable","16":"purchasable","17":"product-type-simple"},"booking_location":null,"booking_location_type":null,"booking_duration":null,"booking_duration_unit":null,"booking_buffer":null,"booking_cost":null,"booking_resources":null,"_links":{"self":[{"href":"https:\/\/rossymina.cat\/fr\/wp-json\/wp\/v2\/product\/12911","targetHints":{"allow":["GET"]}}],"collection":[{"href":"https:\/\/rossymina.cat\/fr\/wp-json\/wp\/v2\/product"}],"about":[{"href":"https:\/\/rossymina.cat\/fr\/wp-json\/wp\/v2\/types\/product"}],"wp:featuredmedia":[{"embeddable":true,"href":"https:\/\/rossymina.cat\/fr\/wp-json\/wp\/v2\/media\/7037"}],"wp:attachment":[{"href":"https:\/\/rossymina.cat\/fr\/wp-json\/wp\/v2\/media?parent=12911"}],"wp:term":[{"taxonomy":"product_brand","embeddable":true,"href":"https:\/\/rossymina.cat\/fr\/wp-json\/wp\/v2\/product_brand?post=12911"},{"taxonomy":"product_cat","embeddable":true,"href":"https:\/\/rossymina.cat\/fr\/wp-json\/wp\/v2\/product_cat?post=12911"},{"taxonomy":"product_tag","embeddable":true,"href":"https:\/\/rossymina.cat\/fr\/wp-json\/wp\/v2\/product_tag?post=12911"}],"curies":[{"name":"wp","href":"https:\/\/api.w.org\/{rel}","templated":true}]}}