{"id":12927,"date":"2025-12-01T19:10:19","date_gmt":"2025-12-01T19:10:19","guid":{"rendered":"https:\/\/rossymina.cat\/producto\/bossa-petita-de-cuir\/"},"modified":"2026-01-13T21:15:41","modified_gmt":"2026-01-13T21:15:41","slug":"bossa-petita-de-cuir","status":"publish","type":"product","link":"https:\/\/rossymina.cat\/fr\/bossa-petita-de-cuir\/","title":{"rendered":"Petite sacoche en cuir"},"content":{"rendered":"<h1>Mini bossa | Bossa creuada petita de pell<\/h1>\n<p>Dimensions:<br \/>\n8&#8243; x 5.5&#8243; x 1&#8243; (20cm x 14cm x 2.5 cm)<\/p>\n<h1><a href=\"https:\/\/photos.google.com\/share\/AF1QipOXrndbhSsfONceSWj2AAnd9D72XhuPBbSBR68mSadR5irl02oQe1QMPpIiY_wQVg\/photo\/AF1QipNwjIP5k8VCPKGs1WqPbWu0huXaQMnx2QCJNufO?key=X1FDeWVDXy1NeUNwV0dOMGNkTkcxOEJxUmtJenZn\" target=\"_blank\" rel=\"noopener\">v\u00eddeo<\/a><\/h1>\n<p>Bossa creuada petita de pell llisa amb un disseny elegant amb cremallera i tancament magn\u00e8tic en pell negra, marr\u00f3 clar o groga.<br \/>\nHem fet aquesta bossa de pell minimalista i petita per portar-la en qualsevol ocasi\u00f3 i estil.<\/p>\n<p>Emporta&#8217;t els imprescindibles a tot arreu amb aquesta bossa minimalista i mai passa de moda!<br \/>\nA m\u00e9s, \u00e9s molt vers\u00e0til, pot ser elegant o m\u00e9s esportiva, depenent del teu conjunt:<\/p>","protected":false},"excerpt":{"rendered":"<h1>Bossa bandolera de pell negra amb cremallera<\/h1>\n<p>Bossa senzilla i divertida<\/p>\n<p>Bossa de m\u00e0 de disseny<br \/>\nBosses i moneders de dona<br \/>\nBosses de casament<br \/>\nBosses de m\u00e0 \u00faniques fetes a m\u00e0<br \/>\nFabriqu\u00e9 \u00e0 la main \u00e0 Barcelone<\/p>\n<p>Bossa bandolera de pell de color negre pur<\/p>","protected":false},"featured_media":8458,"template":"","meta":[],"product_brand":[],"product_cat":[273,246],"product_tag":[333,336,403,335],"class_list":{"0":"post-12927","1":"product","2":"type-product","3":"status-publish","4":"has-post-thumbnail","6":"product_cat-bosses-llises-pell","7":"product_cat-bosses-de-pell","8":"product_tag-bossa-de-cuir-feta-a-ma","9":"product_tag-bossa-de-cuir-marro-clar","10":"product_tag-bossa-de-cuir-negra","11":"product_tag-bosses-creuades","13":"first","14":"instock","15":"shipping-taxable","16":"purchasable","17":"product-type-simple"},"booking_location":null,"booking_location_type":null,"booking_duration":null,"booking_duration_unit":null,"booking_buffer":null,"booking_cost":null,"booking_resources":null,"_links":{"self":[{"href":"https:\/\/rossymina.cat\/fr\/wp-json\/wp\/v2\/product\/12927","targetHints":{"allow":["GET"]}}],"collection":[{"href":"https:\/\/rossymina.cat\/fr\/wp-json\/wp\/v2\/product"}],"about":[{"href":"https:\/\/rossymina.cat\/fr\/wp-json\/wp\/v2\/types\/product"}],"wp:featuredmedia":[{"embeddable":true,"href":"https:\/\/rossymina.cat\/fr\/wp-json\/wp\/v2\/media\/8458"}],"wp:attachment":[{"href":"https:\/\/rossymina.cat\/fr\/wp-json\/wp\/v2\/media?parent=12927"}],"wp:term":[{"taxonomy":"product_brand","embeddable":true,"href":"https:\/\/rossymina.cat\/fr\/wp-json\/wp\/v2\/product_brand?post=12927"},{"taxonomy":"product_cat","embeddable":true,"href":"https:\/\/rossymina.cat\/fr\/wp-json\/wp\/v2\/product_cat?post=12927"},{"taxonomy":"product_tag","embeddable":true,"href":"https:\/\/rossymina.cat\/fr\/wp-json\/wp\/v2\/product_tag?post=12927"}],"curies":[{"name":"wp","href":"https:\/\/api.w.org\/{rel}","templated":true}]}}