{"id":12944,"date":"2025-12-01T19:10:19","date_gmt":"2025-12-01T19:10:19","guid":{"rendered":"https:\/\/rossymina.cat\/producto\/bossa-bandolera-rodona-de-pell\/"},"modified":"2026-01-13T21:16:15","modified_gmt":"2026-01-13T21:16:15","slug":"bossa-bandolera-rodona-de-pell","status":"publish","type":"product","link":"https:\/\/rossymina.cat\/fr\/bossa-bandolera-rodona-de-pell\/","title":{"rendered":"sac bandouli\u00e8re rond en cuir"},"content":{"rendered":"<h1>Bossa rodona de pell<\/h1>\n<p>Preciosa bossa bandolera rodona de pell, feta amb pell de vaca suau. Hem dissenyat aquesta bossa de dona, amb solapa i cremallera. \u00c9s lleugera i c\u00f2moda de portar en qualsevol ocasi\u00f3 i estil.<br \/>\nAquesta bossa de pell pura d&#8217;un sol color \u00e9s informal i divertida alhora.<br \/>\nPell i artesania de qualitat duradora. \u00c9s lleugera, espaiosa i prou gran per cabre tots els elements essencials.<br \/>\nTamb\u00e9 \u00e9s molt vers\u00e0til, pot ser elegant o m\u00e9s esportiva, depenent del teu conjunt \ud83d\ude42 mai passa de moda!<\/p>\n<p>&#8212;DIMENSIONS:<\/p>\n<p>M\u00c9S GRAN:<\/p>\n<p>Amplada: 34 cm<br \/>\nAl\u00e7ada: 27 cm<br \/>\nObertura de la cremallera: 27 cm<br \/>\nMida de la butxaca: 24 cm x 17 cm<\/p>\n<p>M\u00c9S PETIT:<\/p>\n<p>Amplada: 30 cm<br \/>\nAl\u00e7ada: 23 cm<br \/>\nObertura de la cremallera: 24 cm<br \/>\nMida de la butxaca: 21 cm x 14 cm<\/p>\n<p>&#8212;CAPACITAT:<br \/>\nHi caben una tauleta o un llibre, una ampolla d&#8217;aigua petita, una cartera, claus, maquillatge i m\u00e9s.<\/p>\n<p>&#8212;DETALLS:<br \/>\n\u2022 Pell espanyola i italiana de la millor qualitat<br \/>\n\u2022 Tancament de seguretat amb cremallera<br \/>\n\u2022 Corretja ajustable de pell duradora amb ferramentes de llaut\u00f3 d&#8217;alta qualitat<br \/>\n\u2022 Corretja d&#8217;espatlla ajustable de 70 cm a 120 cm<br \/>\n\u2022 Butxaca posterior accessible des de l&#8217;exterior<\/p>\n<p>Oferim la mateixa bossa de pell en dues mides diferents: m\u00e9s petita i m\u00e9s gran.<\/p>\n<p>La pell \u00e9s robusta, per\u00f2 suau, resistent i vibrant; l&#8217;atenci\u00f3 al detall \u00e9s fant\u00e0stica.<\/p>\n<p>Pots comprar aquesta bossa a <a href=\"https:\/\/rossymina.etsy.com\/listing\/1125429745\/round-leather-crossbody-bag-everyday-bag\" target=\"_blank\" rel=\"noopener\">Etsy<\/a><\/p>\n<p>Consulta els nostres altres productes disponibles a <a href=\"https:\/\/rossymina.etsy.com\" target=\"_blank\" rel=\"noopener\">Etsy<\/a><\/p>\n<p>&nbsp;<\/p>","protected":false},"excerpt":{"rendered":"<p>bossa rodona petita<\/p>","protected":false},"featured_media":8529,"template":"","meta":[],"product_brand":[],"product_cat":[273,246],"product_tag":[376,374,372,371,377,375,373],"class_list":{"0":"post-12944","1":"product","2":"type-product","3":"status-publish","4":"has-post-thumbnail","6":"product_cat-bosses-llises-pell","7":"product_cat-bosses-de-pell","8":"product_tag-bossa-de-color-bronzejat","9":"product_tag-bossa-de-pell-groc-mostassa","10":"product_tag-bossa-de-pell-marro","11":"product_tag-bossa-de-pell-negra","12":"product_tag-bossa-de-pell-turquesa","13":"product_tag-bossa-petita","14":"product_tag-moneder-minimalista","15":"pa_color-bronzejat","16":"pa_color-gris","17":"pa_color-groc-mostassa","18":"pa_color-marro","19":"pa_color-negre","20":"pa_color-verd-turquesa","21":"pa_color-vi-pruna","23":"first","24":"instock","25":"shipping-taxable","26":"purchasable","27":"product-type-variable"},"booking_location":null,"booking_location_type":null,"booking_duration":null,"booking_duration_unit":null,"booking_buffer":null,"booking_cost":null,"booking_resources":null,"_links":{"self":[{"href":"https:\/\/rossymina.cat\/fr\/wp-json\/wp\/v2\/product\/12944","targetHints":{"allow":["GET"]}}],"collection":[{"href":"https:\/\/rossymina.cat\/fr\/wp-json\/wp\/v2\/product"}],"about":[{"href":"https:\/\/rossymina.cat\/fr\/wp-json\/wp\/v2\/types\/product"}],"wp:featuredmedia":[{"embeddable":true,"href":"https:\/\/rossymina.cat\/fr\/wp-json\/wp\/v2\/media\/8529"}],"wp:attachment":[{"href":"https:\/\/rossymina.cat\/fr\/wp-json\/wp\/v2\/media?parent=12944"}],"wp:term":[{"taxonomy":"product_brand","embeddable":true,"href":"https:\/\/rossymina.cat\/fr\/wp-json\/wp\/v2\/product_brand?post=12944"},{"taxonomy":"product_cat","embeddable":true,"href":"https:\/\/rossymina.cat\/fr\/wp-json\/wp\/v2\/product_cat?post=12944"},{"taxonomy":"product_tag","embeddable":true,"href":"https:\/\/rossymina.cat\/fr\/wp-json\/wp\/v2\/product_tag?post=12944"}],"curies":[{"name":"wp","href":"https:\/\/api.w.org\/{rel}","templated":true}]}}