{"id":12967,"date":"2025-12-01T19:10:28","date_gmt":"2025-12-01T19:10:28","guid":{"rendered":"https:\/\/rossymina.cat\/producto\/bossa-gran-de-pell-color-vi\/"},"modified":"2026-01-13T21:15:51","modified_gmt":"2026-01-13T21:15:51","slug":"bossa-gran-de-pell-color-vi","status":"publish","type":"product","link":"https:\/\/rossymina.cat\/fr\/bossa-gran-de-pell-color-vi\/","title":{"rendered":"Grande sacoche en cuir couleur bordeaux"},"content":{"rendered":"<p>Bossa de pell color vi informal<\/p>\n<p>Bossa de pell per a cada dia<\/p>\n<p>Folrada i amb butxaca interior<\/p>","protected":false},"excerpt":{"rendered":"<p>Bossa senzilla i divertida<\/p>\n<p>Bossa de m\u00e0 de disseny<br \/>\nBosses i moneders de dona<br \/>\nBosses de casament<br \/>\nBosses de m\u00e0 \u00faniques fetes a m\u00e0<br \/>\nFabriqu\u00e9 \u00e0 la main \u00e0 Barcelone<\/p>\n<p>Bossa de pell de color negre pur amb o sense solapa.<\/p>","protected":false},"featured_media":8434,"template":"","meta":[],"product_brand":[],"product_cat":[273,246],"product_tag":[397,262,408,410,409],"class_list":{"0":"post-12967","1":"product","2":"type-product","3":"status-publish","4":"has-post-thumbnail","6":"product_cat-bosses-llises-pell","7":"product_cat-bosses-de-pell","8":"product_tag-bossa-creuada","9":"product_tag-bossa-de-pell-bordeus","10":"product_tag-bossa-de-pell-color-cirera","11":"product_tag-bossa-de-pell-color-vi","12":"product_tag-pell-suau","14":"first","15":"instock","16":"shipping-taxable","17":"purchasable","18":"product-type-simple"},"booking_location":null,"booking_location_type":null,"booking_duration":null,"booking_duration_unit":null,"booking_buffer":null,"booking_cost":null,"booking_resources":null,"_links":{"self":[{"href":"https:\/\/rossymina.cat\/fr\/wp-json\/wp\/v2\/product\/12967","targetHints":{"allow":["GET"]}}],"collection":[{"href":"https:\/\/rossymina.cat\/fr\/wp-json\/wp\/v2\/product"}],"about":[{"href":"https:\/\/rossymina.cat\/fr\/wp-json\/wp\/v2\/types\/product"}],"wp:featuredmedia":[{"embeddable":true,"href":"https:\/\/rossymina.cat\/fr\/wp-json\/wp\/v2\/media\/8434"}],"wp:attachment":[{"href":"https:\/\/rossymina.cat\/fr\/wp-json\/wp\/v2\/media?parent=12967"}],"wp:term":[{"taxonomy":"product_brand","embeddable":true,"href":"https:\/\/rossymina.cat\/fr\/wp-json\/wp\/v2\/product_brand?post=12967"},{"taxonomy":"product_cat","embeddable":true,"href":"https:\/\/rossymina.cat\/fr\/wp-json\/wp\/v2\/product_cat?post=12967"},{"taxonomy":"product_tag","embeddable":true,"href":"https:\/\/rossymina.cat\/fr\/wp-json\/wp\/v2\/product_tag?post=12967"}],"curies":[{"name":"wp","href":"https:\/\/api.w.org\/{rel}","templated":true}]}}