{"id":12991,"date":"2025-12-01T19:10:32","date_gmt":"2025-12-01T19:10:32","guid":{"rendered":"https:\/\/rossymina.cat\/producto\/bossa-de-pell-de-color-groc-amb-solapa\/"},"modified":"2026-01-13T21:15:56","modified_gmt":"2026-01-13T21:15:56","slug":"bossa-de-pell-de-color-groc-amb-solapa","status":"publish","type":"product","link":"https:\/\/rossymina.cat\/fr\/bossa-de-pell-de-color-groc-amb-solapa\/","title":{"rendered":"Sac en cuir jaune \u00e0 rabat"},"content":{"rendered":"<p>Aquesta bossa bandolera de pell beix, de mida petita o mitjana, est\u00e0 feta amb pell italiana molt natural, suau i de gran qualitat. La dissenyem amb cremallera i solapa, per\u00f2 tamb\u00e9 tenim una versi\u00f3 sense solapa que \u00e9s una millor opci\u00f3 per portar-la com a bossa de m\u00e0.<\/p>\n<p>Aquesta bossa \u00e9s lleugera i c\u00f2moda, feta per acompanyar-te a un casament o per portar-la en qualsevol ocasi\u00f3 i estil.<\/p>\n<p>Aquesta bossa de m\u00e0 de pell beix \u00e9s lleugera, petita i prima, per\u00f2 prou gran per cabre-hi els teus imprescindibles.<\/p>\n<p>Tamb\u00e9 \u00e9s molt vers\u00e0til, pot ser elegant o m\u00e9s esportiva, depenent del teu conjunt \ud83d\ude42<\/p>\n<p>La pell \u00e9s suau i robusta, per\u00f2 suau, resistent i vibrant; l&#8217;atenci\u00f3 al detall \u00e9s fant\u00e0stica.<\/p>\n<p>DIMENSIONS:<\/p>\n<p>\u2714 M\u00c9S PETIT:<\/p>\n<p>Un \u00fanic compartiment, sense folre (sense folre)<\/p>\n<p>obertura de la cremallera del compartiment principal 19,5 cm \/ 7,6 polzades<br \/>\n&#8212;DIMENSIONS:<\/p>\n<p>Amplada: 8&#8243; | 21cm<\/p>\n<p>Al\u00e7ada: 6&#8243; | 16 cm<br \/>\nCorretja: Corretja d&#8217;espatlla ajustable 27&#8221; &#8211; 47,6&#8221; (70 cm &#8211; 120 cm)<br \/>\n&#8212;CAPACITAT: Hi caben el tel\u00e8fon, una cartera petita, les claus i el maquillatge<\/p>\n<p>\u2714 MITJANA:<br \/>\nFolre 100% cot\u00f3. Inclou una butxaca interior amb cremallera. 6&#8243; d&#8217;amplada x 4 1\/3 d&#8217;al\u00e7ada (15 cm\/11 cm)<br \/>\nObertura amb cremallera del compartiment principal 23 cm \/ 9 polzades<br \/>\n&#8212;DIMENSIONS:<br \/>\nAmplada: 9,6&#8243; | 25 cm<br \/>\nAl\u00e7ada: 7,5&#8243; | 19 cm<br \/>\n&#8212;CAPACITAT: Hi caben un tel\u00e8fon gran o un llibre, una cartera, claus i maquillatge<\/p>\n<p>\u2714 M\u00c9S GRAN:<br \/>\nFolre 100% cot\u00f3. Inclou una butxaca interior amb cremallera<br \/>\nObertura amb cremallera del compartiment principal 27 cm &#8211; 10,4 polzades<br \/>\n&#8212;DIMENSIONS:<br \/>\nAmplada: 12&#8243; | 30 cm<br \/>\nAl\u00e7ada: 8&#8243; | 21 cm<br \/>\n&#8212;CAPACITAT: Hi caben una tauleta petita o un llibre, una ampolla petita d&#8217;aigua, una cartera, claus, maquillatge, etc.<\/p>\n<p>Corretja: Corretja d&#8217;espatlla ajustable de 27&#8221; a 47,6&#8221; (70 cm &#8211; 120 cm)<\/p>\n<p>DETALLS<br \/>\n\u2022 Pell espanyola i italiana de la millor qualitat<br \/>\n\u2022 Tancament de seguretat amb cremallera<br \/>\n\u2022 CORRETJA: Feta de pell m\u00e9s dura, est\u00e0 dissenyada per durar i \u00e9s ajustable per utilitzar la bossa com a creuada o a l&#8217;espatlla. Feu-nos saber si la voleu portar com a BOSSA DE CLUTCH perqu\u00e8 puguem fer que la corretja sigui desmuntable i no estigui fixada a la bossa.<br \/>\n\u2022 Butxaca interior<br \/>\n\u2022 Folre 100% cot\u00f3<\/p>\n<p>El nostre enviament GRATU\u00cfT \u00e9s SEGUIT i el lliurament normalment triga dues setmanes.<br \/>\n\u25ba Si voleu rebre la vostra bossa en 3 a 5 dies, actualitzeu a FASTER i proporcioneu un n\u00famero de TEL\u00c8FON en una nota per al lliurament.<\/p>\n<p>Per a un lliurament M\u00c9S R\u00c0PID, si us plau Actualitzar l&#8217;enviament i proporcionar un n\u00famero de tel\u00e8fon \u00e9s imprescindible.<\/p>\n<p>PER A M\u00c9S COLORS, VISITEU LES NOSTRES LLISTES D&#8217;ETSY<br \/>\nGROC &#8211; https:\/\/www.etsy.com\/listing\/848402143\/mustard-leather-crossbody-bag-everyday<br \/>\nMARR\u00d3 CLAR &#8211; https:\/\/www.etsy.com\/listing\/955119674\/small-tan-leather-crossbody-bag-medium?ref=hp_opfy-1&amp;frs=1<br \/>\nNEGRE &#8211; https:\/\/www.etsy.com\/listing\/979636185\/black-leather-handbag-with-flap-for<br \/>\nMARR\u00d3 &#8211; https:\/\/www.etsy.com\/listing\/982188245\/small-or-medium-size-light-or-dark-brown?ref=shop_home_recs_9&amp;frs=1<br \/>\nVERMELL &#8211; https:\/\/www.etsy.com\/listing\/970357695\/small-or-medium-size-red-leather?ref=shop_home_recs_23&amp;frs=1<br \/>\nLIURA &#8211; https:\/\/www.etsy.com\/listing\/968384678\/small-or-medium-size-burgundy-wine-color?ref=shop_home_recs_16&amp;frs=1<br \/>\nTURQUESA &#8211; https:\/\/www.etsy.com\/listing\/979717659\/small-or-medium-size-teal-turquoise?ref=shop_home_active_6&amp;frs=1&amp;sca=1<\/p>","protected":false},"excerpt":{"rendered":"<p>Bossa senzilla i divertida<\/p>\n<p>Bossa de m\u00e0 de disseny<br \/>\nBosses i moneders de dona<br \/>\nBosses de casament<br \/>\nBosses de m\u00e0 \u00faniques fetes a m\u00e0<br \/>\nFabriqu\u00e9 \u00e0 la main \u00e0 Barcelone<\/p>\n<p>Bossa de pell de color negre pur amb o sense solapa.<\/p>","protected":false},"featured_media":11710,"template":"","meta":[],"product_brand":[],"product_cat":[273,246],"product_tag":[397,412,411,413],"class_list":{"0":"post-12991","1":"product","2":"type-product","3":"status-publish","4":"has-post-thumbnail","6":"product_cat-bosses-llises-pell","7":"product_cat-bosses-de-pell","8":"product_tag-bossa-creuada","9":"product_tag-bossa-de-pell-blanca","10":"product_tag-bossa-de-pell-de-color-blanc","11":"product_tag-moneder-blanc","13":"first","14":"instock","15":"shipping-taxable","16":"purchasable","17":"product-type-simple"},"booking_location":null,"booking_location_type":null,"booking_duration":null,"booking_duration_unit":null,"booking_buffer":null,"booking_cost":null,"booking_resources":null,"_links":{"self":[{"href":"https:\/\/rossymina.cat\/fr\/wp-json\/wp\/v2\/product\/12991","targetHints":{"allow":["GET"]}}],"collection":[{"href":"https:\/\/rossymina.cat\/fr\/wp-json\/wp\/v2\/product"}],"about":[{"href":"https:\/\/rossymina.cat\/fr\/wp-json\/wp\/v2\/types\/product"}],"wp:featuredmedia":[{"embeddable":true,"href":"https:\/\/rossymina.cat\/fr\/wp-json\/wp\/v2\/media\/11710"}],"wp:attachment":[{"href":"https:\/\/rossymina.cat\/fr\/wp-json\/wp\/v2\/media?parent=12991"}],"wp:term":[{"taxonomy":"product_brand","embeddable":true,"href":"https:\/\/rossymina.cat\/fr\/wp-json\/wp\/v2\/product_brand?post=12991"},{"taxonomy":"product_cat","embeddable":true,"href":"https:\/\/rossymina.cat\/fr\/wp-json\/wp\/v2\/product_cat?post=12991"},{"taxonomy":"product_tag","embeddable":true,"href":"https:\/\/rossymina.cat\/fr\/wp-json\/wp\/v2\/product_tag?post=12991"}],"curies":[{"name":"wp","href":"https:\/\/api.w.org\/{rel}","templated":true}]}}