{"id":13021,"date":"2025-12-01T19:10:35","date_gmt":"2025-12-01T19:10:35","guid":{"rendered":"https:\/\/rossymina.cat\/producto\/portatargetes-bifold\/"},"modified":"2026-01-13T21:16:04","modified_gmt":"2026-01-13T21:16:04","slug":"portatargetes-bifold","status":"publish","type":"product","link":"https:\/\/rossymina.cat\/fr\/portatargetes-bifold\/","title":{"rendered":"Porte-cartes pliable"},"content":{"rendered":"<p>Petit targeter de pell suau que s&#8217;obre com un llibre i t\u00e9 capacitat per a targetes de visita i de cr\u00e8dit, aix\u00ed com bitllets i bitllets plegats.<\/p>\n<p>Aquest targeter de doble plegada pot contenir fins a deu targetes.<\/p>\n<p>Hi ha l&#8217;opci\u00f3 de tenir o no compartiment amb cremallera.<\/p>\n<p>Dimensions<\/p>\n<p>Obert 10 per 15 cm<\/p>\n<p>Tancat 10 per 7,5 cm<\/p>\n<p>&nbsp;<\/p>","protected":false},"excerpt":{"rendered":"<p>Porta-targetes amb dues ranures que s&#8217;obre com un llibre en diferents colors de pell. Capacitat per a targetes de visita i de cr\u00e8dit, aix\u00ed com bitllets plegats.<\/p>","protected":false},"featured_media":8961,"template":"","meta":[],"product_brand":[],"product_cat":[272],"product_tag":[289],"class_list":{"0":"post-13021","1":"product","2":"type-product","3":"status-publish","4":"has-post-thumbnail","6":"product_cat-carteres-i-targeters","7":"product_tag-moneder-de-canvi-de-cuir","9":"first","10":"instock","11":"shipping-taxable","12":"purchasable","13":"product-type-simple"},"booking_location":null,"booking_location_type":null,"booking_duration":null,"booking_duration_unit":null,"booking_buffer":null,"booking_cost":null,"booking_resources":null,"_links":{"self":[{"href":"https:\/\/rossymina.cat\/fr\/wp-json\/wp\/v2\/product\/13021","targetHints":{"allow":["GET"]}}],"collection":[{"href":"https:\/\/rossymina.cat\/fr\/wp-json\/wp\/v2\/product"}],"about":[{"href":"https:\/\/rossymina.cat\/fr\/wp-json\/wp\/v2\/types\/product"}],"wp:featuredmedia":[{"embeddable":true,"href":"https:\/\/rossymina.cat\/fr\/wp-json\/wp\/v2\/media\/8961"}],"wp:attachment":[{"href":"https:\/\/rossymina.cat\/fr\/wp-json\/wp\/v2\/media?parent=13021"}],"wp:term":[{"taxonomy":"product_brand","embeddable":true,"href":"https:\/\/rossymina.cat\/fr\/wp-json\/wp\/v2\/product_brand?post=13021"},{"taxonomy":"product_cat","embeddable":true,"href":"https:\/\/rossymina.cat\/fr\/wp-json\/wp\/v2\/product_cat?post=13021"},{"taxonomy":"product_tag","embeddable":true,"href":"https:\/\/rossymina.cat\/fr\/wp-json\/wp\/v2\/product_tag?post=13021"}],"curies":[{"name":"wp","href":"https:\/\/api.w.org\/{rel}","templated":true}]}}