{"id":13024,"date":"2025-12-01T19:10:35","date_gmt":"2025-12-01T19:10:35","guid":{"rendered":"https:\/\/rossymina.cat\/producto\/cartera-de-cuir-per-a-homes\/"},"modified":"2026-01-13T21:16:08","modified_gmt":"2026-01-13T21:16:08","slug":"cartera-de-cuir-per-a-homes","status":"publish","type":"product","link":"https:\/\/rossymina.cat\/fr\/cartera-de-cuir-per-a-homes\/","title":{"rendered":"Portefeuille en cuir pour homme"},"content":{"rendered":"<blockquote><p>Aquesta cartera de cuir \u00e9s el protector de diners essencial per al dia a dia que necessites. \u00c9s lleugera i prima i alhora funcional i minimalista. La pell de vaca que fem servir \u00e9s pell genu\u00efna, adobada naturalment i t\u00e9 un tacte suau i agradable. Seleccionem i escollim acuradament cada combinaci\u00f3 de colors per crear una pe\u00e7a \u00fanica perqu\u00e8 gaudeixis del teu accessori de cuir fet a m\u00e0.<\/p>\n<p>T\u00e9 un compartiment gran per a bitllets, sis ranures per a targetes i un compartiment ocult.<\/p>\n<p>DIMENSIONS<\/p>\n<p>Una vegada oberta, mesura 22 x 9 cm o 8,6&#8243;x 3,5&#8243;<\/p>\n<p>Una vegada tancada, fa 10 x 10 cm o 4,3&#8243;x 3,5&#8243;<\/p>\n<p>6 ranures per a targetes<\/p>\n<p>Butxaca gran per a bitllets<\/p>\n<p>Podr\u00edem fer aquesta cartera amb un compartiment per a botons i monedes, sol\u00b7licita una comanda personalitzada.<\/p><\/blockquote>","protected":false},"excerpt":{"rendered":"<p>cartera unisex<\/p>","protected":false},"featured_media":8996,"template":"","meta":[],"product_brand":[],"product_cat":[272],"product_tag":[],"class_list":{"0":"post-13024","1":"product","2":"type-product","3":"status-publish","4":"has-post-thumbnail","6":"product_cat-carteres-i-targeters","7":"pa_color-bronzejat","8":"pa_color-groc","9":"pa_color-marro","10":"pa_color-negre","11":"pa_color-verd","12":"pa_color-vi","14":"first","15":"instock","16":"shipping-taxable","17":"purchasable","18":"product-type-variable"},"booking_location":null,"booking_location_type":null,"booking_duration":null,"booking_duration_unit":null,"booking_buffer":null,"booking_cost":null,"booking_resources":null,"_links":{"self":[{"href":"https:\/\/rossymina.cat\/fr\/wp-json\/wp\/v2\/product\/13024","targetHints":{"allow":["GET"]}}],"collection":[{"href":"https:\/\/rossymina.cat\/fr\/wp-json\/wp\/v2\/product"}],"about":[{"href":"https:\/\/rossymina.cat\/fr\/wp-json\/wp\/v2\/types\/product"}],"wp:featuredmedia":[{"embeddable":true,"href":"https:\/\/rossymina.cat\/fr\/wp-json\/wp\/v2\/media\/8996"}],"wp:attachment":[{"href":"https:\/\/rossymina.cat\/fr\/wp-json\/wp\/v2\/media?parent=13024"}],"wp:term":[{"taxonomy":"product_brand","embeddable":true,"href":"https:\/\/rossymina.cat\/fr\/wp-json\/wp\/v2\/product_brand?post=13024"},{"taxonomy":"product_cat","embeddable":true,"href":"https:\/\/rossymina.cat\/fr\/wp-json\/wp\/v2\/product_cat?post=13024"},{"taxonomy":"product_tag","embeddable":true,"href":"https:\/\/rossymina.cat\/fr\/wp-json\/wp\/v2\/product_tag?post=13024"}],"curies":[{"name":"wp","href":"https:\/\/api.w.org\/{rel}","templated":true}]}}