{"id":13534,"date":"2026-04-28T17:26:41","date_gmt":"2026-04-28T17:26:41","guid":{"rendered":"https:\/\/rossymina.cat\/?post_type=product&#038;p=13534"},"modified":"2026-04-29T12:29:10","modified_gmt":"2026-04-29T12:29:10","slug":"bossa-de-pell-arrodonida-amb-forma-de-mitja-lluna","status":"publish","type":"product","link":"https:\/\/rossymina.cat\/fr\/bossa-de-pell-arrodonida-amb-forma-de-mitja-lluna\/","title":{"rendered":"Sac en cuir arrondi en forme de croissant"},"content":{"rendered":"<h1>Bossa de arrodonida de pell suau<\/h1>\n<p>Bossa minimalista i moderna, tant per portar a l&#8217;espatlla com per portar-la a qualsevol ocasi\u00f3.<br \/>\nHem creat aquesta bossa circular senzilla i neta amb una gran capacitat per portar-la en qualsevol ocasi\u00f3 i lloc. Una bossa elegant per a cada dia.<br \/>\nOferim molts colors d&#8217;aquesta bossa de pell de mitja lluna, com ara marr\u00f3 clar, turquesa, blau, negre, blanc, beix, vermell, mostassa i m\u00e9s.<br \/>\nA Rossymina, utilitzem pell de vaca italiana molt natural, suau i de la millor qualitat. \u00c9s la bossa minimalista de disseny perfecta amb una gran capacitat per ser la teva companya di\u00e0ria. La corretja resistent \u00e9s ajustable amb una sivella. Hi ha una butxaca a l&#8217;interior.<\/p>\n<p>Mida i dimensions aproximades:<\/p>\n<p>Profunditat (volum): 12 cm<br \/>\nAl\u00e7ada: 20 cm<br \/>\nAmplada: 30 cm<br \/>\nLa longitud de la corretja \u00e9s de 75 cm, podem afegir forats perqu\u00e8 la puguis portar m\u00e9s curta a l&#8217;espatlla.<\/p>\n<p>Oferim aquesta bossa de cuir en color marr\u00f3 clar, groc mostassa o altres colors com el negre, marr\u00f3, blau cel, vermell o bordeus.<\/p>","protected":false},"excerpt":{"rendered":"<p>bossa rodona petita<\/p>","protected":false},"featured_media":13560,"template":"","meta":[],"product_brand":[],"product_cat":[273,246],"product_tag":[376,374,372,371,377,375,373],"class_list":{"0":"post-13534","1":"product","2":"type-product","3":"status-publish","4":"has-post-thumbnail","6":"product_cat-bosses-llises-pell","7":"product_cat-bosses-de-pell","8":"product_tag-bossa-de-color-bronzejat","9":"product_tag-bossa-de-pell-groc-mostassa","10":"product_tag-bossa-de-pell-marro","11":"product_tag-bossa-de-pell-negra","12":"product_tag-bossa-de-pell-turquesa","13":"product_tag-bossa-petita","14":"product_tag-moneder-minimalista","15":"pa_color-beige-crema","16":"pa_color-blau-mari","17":"pa_color-cuir-tabac","18":"pa_color-gris","19":"pa_color-groc-mostassa","20":"pa_color-marro","21":"pa_color-merfil","22":"pa_color-negre","23":"pa_color-verd-verde","24":"pa_color-vi-pruna","26":"first","27":"instock","28":"shipping-taxable","29":"purchasable","30":"product-type-variable"},"booking_location":null,"booking_location_type":null,"booking_duration":null,"booking_duration_unit":null,"booking_buffer":null,"booking_cost":null,"booking_resources":null,"_links":{"self":[{"href":"https:\/\/rossymina.cat\/fr\/wp-json\/wp\/v2\/product\/13534","targetHints":{"allow":["GET"]}}],"collection":[{"href":"https:\/\/rossymina.cat\/fr\/wp-json\/wp\/v2\/product"}],"about":[{"href":"https:\/\/rossymina.cat\/fr\/wp-json\/wp\/v2\/types\/product"}],"wp:featuredmedia":[{"embeddable":true,"href":"https:\/\/rossymina.cat\/fr\/wp-json\/wp\/v2\/media\/13560"}],"wp:attachment":[{"href":"https:\/\/rossymina.cat\/fr\/wp-json\/wp\/v2\/media?parent=13534"}],"wp:term":[{"taxonomy":"product_brand","embeddable":true,"href":"https:\/\/rossymina.cat\/fr\/wp-json\/wp\/v2\/product_brand?post=13534"},{"taxonomy":"product_cat","embeddable":true,"href":"https:\/\/rossymina.cat\/fr\/wp-json\/wp\/v2\/product_cat?post=13534"},{"taxonomy":"product_tag","embeddable":true,"href":"https:\/\/rossymina.cat\/fr\/wp-json\/wp\/v2\/product_tag?post=13534"}],"curies":[{"name":"wp","href":"https:\/\/api.w.org\/{rel}","templated":true}]}}