{"id":13546,"date":"2026-04-29T10:26:11","date_gmt":"2026-04-29T10:26:11","guid":{"rendered":"https:\/\/rossymina.cat\/?post_type=product&#038;p=13546"},"modified":"2026-04-29T12:16:43","modified_gmt":"2026-04-29T12:16:43","slug":"tallers-de-cuir-clauer-personalizat","status":"publish","type":"product","link":"https:\/\/rossymina.cat\/fr\/tallers-de-cuir-clauer-personalizat\/","title":{"rendered":"Tallers de cuir : clauer personalizat"},"content":{"rendered":"<p><strong>Qu\u00e8 oferim?<\/strong><\/p>\n<p>ELABORA Y<br \/>\nDISE\u00d1A UN LLAVERO<br \/>\n&#8211; Visita al taller Rossymina per a una introducci\u00f3 a l&#8217;ofici<br \/>\ndel cuir.<br \/>\n&#8211; Eliga la pe\u00e7a que vas a treballar<br \/>\n&#8211; Ti\u00f1e la pieza con tintes para cuero<br \/>\n&#8211; Trabaja los bordes<br \/>\n&#8211; Personalitzaci\u00f3 amb inicials o pintura acr\u00edlica per a cuir<br \/>\nDurada: 1 hora 30 minuts<br \/>\nParticipants m\u00ednims: 12<br \/>\nLloc: Palau Dalmaces<br \/>\nPreu per participant: 45 euros<br \/>\nInclou: Materials per a claus, eines, guia<br \/>\nexpert, \u00fas de l&#8217;espai.<\/p>","protected":false},"excerpt":{"rendered":"<p>Descobreix l\u2019experi\u00e8ncia de crear amb les teves pr\u00f2pies mans una pe\u00e7a de cuir aut\u00e8ntic.<br \/>\nA Rossymina oferim tallers presencials a Barcelona on aprendr\u00e0s t\u00e8cniques b\u00e0siques de marroquineria, treballar\u00e0s amb materials premium i elaborar\u00e0s un article propi per endur-te a casa.<\/p>\n<p>Els nostres tallers s\u00f3n pr\u00e0ctics, propers i pensats per a totes les edats. No necessites experi\u00e8ncia pr\u00e8via: nom\u00e9s ganes d\u2019aprendre i gaudir del proc\u00e9s.<\/p>","protected":false},"featured_media":13530,"template":"","meta":[],"product_brand":[],"product_cat":[549],"product_tag":[202],"class_list":{"0":"post-13546","1":"product","2":"type-product","3":"status-publish","4":"has-post-thumbnail","6":"product_cat-tallers-de-cuir","7":"product_tag-taller","9":"first","10":"instock","11":"virtual","12":"sold-individually","13":"purchasable","14":"product-type-booking"},"booking_location":"","booking_location_type":"","booking_duration":90,"booking_duration_unit":"minute","booking_buffer":0,"booking_cost":49,"booking_resources":[],"_links":{"self":[{"href":"https:\/\/rossymina.cat\/fr\/wp-json\/wp\/v2\/product\/13546","targetHints":{"allow":["GET"]}}],"collection":[{"href":"https:\/\/rossymina.cat\/fr\/wp-json\/wp\/v2\/product"}],"about":[{"href":"https:\/\/rossymina.cat\/fr\/wp-json\/wp\/v2\/types\/product"}],"wp:featuredmedia":[{"embeddable":true,"href":"https:\/\/rossymina.cat\/fr\/wp-json\/wp\/v2\/media\/13530"}],"wp:attachment":[{"href":"https:\/\/rossymina.cat\/fr\/wp-json\/wp\/v2\/media?parent=13546"}],"wp:term":[{"taxonomy":"product_brand","embeddable":true,"href":"https:\/\/rossymina.cat\/fr\/wp-json\/wp\/v2\/product_brand?post=13546"},{"taxonomy":"product_cat","embeddable":true,"href":"https:\/\/rossymina.cat\/fr\/wp-json\/wp\/v2\/product_cat?post=13546"},{"taxonomy":"product_tag","embeddable":true,"href":"https:\/\/rossymina.cat\/fr\/wp-json\/wp\/v2\/product_tag?post=13546"}],"curies":[{"name":"wp","href":"https:\/\/api.w.org\/{rel}","templated":true}]}}