{"id":13612,"date":"2026-05-11T11:02:30","date_gmt":"2026-05-11T11:02:30","guid":{"rendered":"https:\/\/rossymina.cat\/?post_type=product&#038;p=13612"},"modified":"2026-05-11T13:35:59","modified_gmt":"2026-05-11T13:35:59","slug":"sac-rond-en-cuir","status":"publish","type":"product","link":"https:\/\/rossymina.cat\/fr\/sac-rond-en-cuir\/","title":{"rendered":"sac rond en cuir"},"content":{"rendered":"<h1>sac rond en cuir<\/h1>\n<p>Sac \u00e0 main rond en cuir souple de vachette. Ce sac \u00e0 main pour femme, dot\u00e9 d&#039;un rabat et d&#039;une fermeture \u00e9clair, est l\u00e9ger et confortable \u00e0 porter en toute occasion et avec style.<br \/>\nCe portefeuille en cuir monochrome est d\u00e9contract\u00e9 et amusant.<br \/>\nCuir de qualit\u00e9 et fabrication soign\u00e9e. L\u00e9ger, spacieux et suffisamment grand pour contenir tout ce dont vous avez besoin.<br \/>\nIl est aussi tr\u00e8s polyvalent, il peut \u00eatre \u00e9l\u00e9gant ou plus sportif \u2013 selon votre tenue \ud83d\ude42 il ne se d\u00e9mode jamais !<br \/>\nLe cuir est robuste et souple \u00e0 la fois, durable et \u00e9clatant ; le souci du d\u00e9tail est fantastique.<br \/>\n\u2014 CAPACIT\u00c9 : Vous pouvez y ranger une tablette ou un livre, une petite bouteille d&#039;eau, un portefeuille, des cl\u00e9s, du maquillage et bien plus encore.<\/p>\n<p>- D\u00c9TAILS:<br \/>\n\u2022 Cuir espagnol et italien de la meilleure qualit\u00e9<br \/>\n\u2022 Fermeture \u00e9clair de s\u00e9curit\u00e9<br \/>\n\u2022 Bracelet r\u00e9glable en cuir r\u00e9sistant avec quincaillerie en laiton de haute qualit\u00e9<br \/>\n\u2022 Bandouli\u00e8re r\u00e9glable 27\u201d \u2013 47,6\u201d (70 cm \u2013 120 cm)<br \/>\n\u2022 Poche arri\u00e8re accessible de l&#039;ext\u00e9rieur<\/p>\n<p>-DIMENSIONS:<\/p>\n<p>Largeur : 12&quot; \/ 30 cm<br \/>\nHauteur : 9 pouces\/23 cm<br \/>\nOuverture de la fermeture \u00e9clair : 9,5 pouces \/ 24 cm<br \/>\nDimensions de la poche : 8,3 po x 5,5 po \/ 21 cm x 14 cm<\/p>\n<p>&nbsp;<\/p>","protected":false},"excerpt":{"rendered":"<p>petit sac rond de diff\u00e9rentes couleurs<\/p>","protected":false},"featured_media":8523,"template":"","meta":[],"product_brand":[],"product_cat":[273,246],"product_tag":[376,374,372,371,377,375,373],"class_list":{"0":"post-13612","1":"product","2":"type-product","3":"status-publish","4":"has-post-thumbnail","6":"product_cat-bosses-llises-pell","7":"product_cat-bosses-de-pell","8":"product_tag-bossa-de-color-bronzejat","9":"product_tag-bossa-de-pell-groc-mostassa","10":"product_tag-bossa-de-pell-marro","11":"product_tag-bossa-de-pell-negra","12":"product_tag-bossa-de-pell-turquesa","13":"product_tag-bossa-petita","14":"product_tag-moneder-minimalista","15":"pa_color-blau","16":"pa_color-cuir","17":"pa_color-groc-mostassa","18":"pa_color-marro","19":"pa_color-merfil","20":"pa_color-negre","21":"pa_color-taronja","22":"pa_color-turquesa","23":"pa_color-verd","24":"pa_color-verd-militar","25":"pa_color-vermell","26":"pa_color-vi","28":"first","29":"instock","30":"shipping-taxable","31":"purchasable","32":"product-type-variable"},"booking_location":null,"booking_location_type":null,"booking_duration":null,"booking_duration_unit":null,"booking_buffer":null,"booking_cost":null,"booking_resources":null,"_links":{"self":[{"href":"https:\/\/rossymina.cat\/fr\/wp-json\/wp\/v2\/product\/13612","targetHints":{"allow":["GET"]}}],"collection":[{"href":"https:\/\/rossymina.cat\/fr\/wp-json\/wp\/v2\/product"}],"about":[{"href":"https:\/\/rossymina.cat\/fr\/wp-json\/wp\/v2\/types\/product"}],"wp:featuredmedia":[{"embeddable":true,"href":"https:\/\/rossymina.cat\/fr\/wp-json\/wp\/v2\/media\/8523"}],"wp:attachment":[{"href":"https:\/\/rossymina.cat\/fr\/wp-json\/wp\/v2\/media?parent=13612"}],"wp:term":[{"taxonomy":"product_brand","embeddable":true,"href":"https:\/\/rossymina.cat\/fr\/wp-json\/wp\/v2\/product_brand?post=13612"},{"taxonomy":"product_cat","embeddable":true,"href":"https:\/\/rossymina.cat\/fr\/wp-json\/wp\/v2\/product_cat?post=13612"},{"taxonomy":"product_tag","embeddable":true,"href":"https:\/\/rossymina.cat\/fr\/wp-json\/wp\/v2\/product_tag?post=13612"}],"curies":[{"name":"wp","href":"https:\/\/api.w.org\/{rel}","templated":true}]}}