{"id":13635,"date":"2026-05-11T13:36:30","date_gmt":"2026-05-11T13:36:30","guid":{"rendered":"https:\/\/rossymina.cat\/?post_type=product&#038;p=13635"},"modified":"2026-05-11T14:25:48","modified_gmt":"2026-05-11T14:25:48","slug":"bossa-rodona-mitja-lluna","status":"publish","type":"product","link":"https:\/\/rossymina.cat\/fr\/bossa-rodona-mitja-lluna\/","title":{"rendered":"sac rond en forme de demi-lune"},"content":{"rendered":"<h1>sac rond en forme de demi-lune<\/h1>\n<pre id=\"tw-target-text\" class=\"tw-data-text tw-text-large tw-ta\" dir=\"ltr\" role=\"text\" data-placeholder=\"Traduction\" data-ved=\"2ahUKEwjv9KLYrLGUAxVvLPsDHbAfHqQQ3ewLegQIBRAV\" aria-label=\"Texte traduit\u00a0: Aquesta bossa t\u00e9 una gran capacitat que no esperaries del seu aspecte, de manera que pots portar tot el que necessites per a l'\u00fas diari, com ara la teva cartera, tel\u00e8fon intel\u00b7ligent, ampolla d'aigua i paraigua plegable. Aquesta bossa ha guanyat popularitat per la seva sorprenent capacitat d'emmagatzematge. Bossa bandolera petita color bronzejat feta amb pell italiana de pell de vaca molt natural, suau i de la millor qualitat. \u00c9s el moneder minimalista de disseny perfecte amb una gran capacitat per ser el teu company de cada dia. La corretja resistent \u00e9s desmuntable i ajustable. La solapa es tanca amb un tancament magn\u00e8tic ocult. Hi ha un \u00fanic compartiment a l'interior. \u00c9s compacte per\u00f2 prou espai\u00f3s per portar un tel\u00e8fon, cartera, claus i altres pertinences. Mida i dimensi\u00f3 aproximades: Longitud: Amplada: 8 &quot;\/ 21 cm Alt: 7,5&quot; \/ 19 cm Amplada: 3 &quot;\/ 7 cm La longitud de la corretja s'escur\u00e7a i s'est\u00e9n de 24 a 47 polzades (65 a 125 cm) per a un control de mida M\u00c9S PETITA https:\/\/www.etsy.com\/rossymina\/listing\/956557589\/small-round-leather-bag-black-women?utm_source=Copy&amp;utm_medium=ListingManager&amp;utm_campaign=Share&amp;utm_term=so.lmsm&amp;share_time=166351690135169 per a un control de mida M\u00c9S GRAN https:\/\/www.etsy.com\/rossymina\/listing\/1125429745\/round-leather-crossbody-bag-everyday-bag?utm_source=Copy&amp;utm_medium=ListingManager&amp;utm_campaign=Share&amp;utm_term=so.lmsm&amp;share_time=162081509\"><span class=\"Y2IQFc\" lang=\"ca\">Aquesta bossa t\u00e9 una gran capacitat que no esperaries del seu aspecte, de manera que pots portar tot el que necessites per a l'\u00fas diari, com ara la teva cartera, tel\u00e8fon intel\u00b7ligent, ampolla d'aigua i paraigua plegable. Aquesta bossa ha guanyat popularitat per la seva sorprenent capacitat d'emmagatzematge. \r\n\r\nBossa bandolera petita color bronzejat feta amb pell italiana de pell de vaca molt natural, suau i de la millor qualitat. \u00c9s el moneder minimalista de disseny perfecte amb una gran capacitat per ser el teu company de cada dia. La corretja resistent \u00e9s desmuntable i ajustable. La solapa es tanca amb un tancament magn\u00e8tic ocult. Hi ha un \u00fanic compartiment a l'interior. \u00c9s compacte per\u00f2 prou espai\u00f3s per portar un tel\u00e8fon, cartera, claus i altres pertinences.\r\n\r\nMida i dimensi\u00f3 aproximades:\r\n\r\nLongitud: Amplada: 8 \"\/ 21 cm\r\nAlt: 7,5\" \/ 19 cm\r\nAmplada: 3 \"\/ 7 cm\r\nLa longitud de la corretja s'escur\u00e7a i s'est\u00e9n de 24 a 47 polzades (65 a 125 cm)\r\n\r\nper a un control de mida M\u00c9S PETITA \r\nhttps:\/\/www.etsy.com\/rossymina\/listing\/956557589\/small-round-leather-bag-black-women?utm_source=Copy&utm_medium=ListingManager&utm_campaign=Share&utm_term=so.lmsm&share_time=166351690135169\r\n\r\nper a un control de mida M\u00c9S GRAN \r\nhttps:\/\/www.etsy.com\/rossymina\/listing\/1125429745\/round-leather-crossbody-bag-everyday-bag?utm_source=Copy&amp;utm_medium=ListingManager&amp;utm_campaign=Share&amp;utm_term=so.lmsm&amp;share_time=162081509<\/span><\/pre>","protected":false},"excerpt":{"rendered":"<p>petit sac rond de diff\u00e9rentes couleurs<\/p>","protected":false},"featured_media":13644,"template":"","meta":[],"product_brand":[],"product_cat":[273,246],"product_tag":[376,374,372,371,377,375,373],"class_list":{"0":"post-13635","1":"product","2":"type-product","3":"status-publish","4":"has-post-thumbnail","6":"product_cat-bosses-llises-pell","7":"product_cat-bosses-de-pell","8":"product_tag-bossa-de-color-bronzejat","9":"product_tag-bossa-de-pell-groc-mostassa","10":"product_tag-bossa-de-pell-marro","11":"product_tag-bossa-de-pell-negra","12":"product_tag-bossa-de-pell-turquesa","13":"product_tag-bossa-petita","14":"product_tag-moneder-minimalista","15":"pa_color-blau","16":"pa_color-cuir","17":"pa_color-gris","18":"pa_color-groc-mostassa","19":"pa_color-marro","20":"pa_color-merfil","21":"pa_color-negre","22":"pa_color-turquesa","23":"pa_color-verd","24":"pa_color-vermell","25":"pa_color-vi","27":"first","28":"instock","29":"shipping-taxable","30":"purchasable","31":"product-type-variable"},"booking_location":null,"booking_location_type":null,"booking_duration":null,"booking_duration_unit":null,"booking_buffer":null,"booking_cost":null,"booking_resources":null,"_links":{"self":[{"href":"https:\/\/rossymina.cat\/fr\/wp-json\/wp\/v2\/product\/13635","targetHints":{"allow":["GET"]}}],"collection":[{"href":"https:\/\/rossymina.cat\/fr\/wp-json\/wp\/v2\/product"}],"about":[{"href":"https:\/\/rossymina.cat\/fr\/wp-json\/wp\/v2\/types\/product"}],"wp:featuredmedia":[{"embeddable":true,"href":"https:\/\/rossymina.cat\/fr\/wp-json\/wp\/v2\/media\/13644"}],"wp:attachment":[{"href":"https:\/\/rossymina.cat\/fr\/wp-json\/wp\/v2\/media?parent=13635"}],"wp:term":[{"taxonomy":"product_brand","embeddable":true,"href":"https:\/\/rossymina.cat\/fr\/wp-json\/wp\/v2\/product_brand?post=13635"},{"taxonomy":"product_cat","embeddable":true,"href":"https:\/\/rossymina.cat\/fr\/wp-json\/wp\/v2\/product_cat?post=13635"},{"taxonomy":"product_tag","embeddable":true,"href":"https:\/\/rossymina.cat\/fr\/wp-json\/wp\/v2\/product_tag?post=13635"}],"curies":[{"name":"wp","href":"https:\/\/api.w.org\/{rel}","templated":true}]}}