{"id":13687,"date":"2026-05-12T11:08:31","date_gmt":"2026-05-12T11:08:31","guid":{"rendered":"https:\/\/rossymina.cat\/?post_type=product&#038;p=13687"},"modified":"2026-05-12T15:29:37","modified_gmt":"2026-05-12T15:29:37","slug":"sac-bandouliere-marron","status":"publish","type":"product","link":"https:\/\/rossymina.cat\/fr\/sac-bandouliere-marron\/","title":{"rendered":"Sac bandouli\u00e8re marron"},"content":{"rendered":"<p>Ce petit ou moyen portefeuille en cuir <i>Brun<em>\u00f3<\/em><\/i>\u00a0Fabriqu\u00e9 \u00e0 la main avec du cuir de vachette italien de la plus haute qualit\u00e9, ce sac est dot\u00e9 d&#039;une bandouli\u00e8re en cuir r\u00e9sistant et r\u00e9glable, permettant un port\u00e9 crois\u00e9 ou \u00e0 l&#039;\u00e9paule.<\/p>\n<p>Nous avons con\u00e7u ce portefeuille en cuir pour qu&#039;il soit l\u00e9ger et confortable \u00e0 porter en toute occasion et pour tous les styles.,<br \/>\nUn sac \u00e0 main en cuir souple et lisse, d&#039;une seule couleur, avec rabat et fermeture \u00e9clair pour plus de s\u00e9curit\u00e9.<br \/>\nCuir de qualit\u00e9 et fabrication soign\u00e9e. L\u00e9ger, compact et fin, il est pourtant suffisamment spacieux pour contenir tout ce dont vous avez besoin.<br \/>\nIl est \u00e9galement tr\u00e8s polyvalent\u00a0; il peut \u00eatre \u00e9l\u00e9gant ou plus sportif, selon votre tenue \ud83d\ude42<\/p>\n<p>DIMENSIONS:<br \/>\n\u2714 PLUS PETIT :<br \/>\nCompartiment unique, non doubl\u00e9 (non doubl\u00e9)<br \/>\nouverture zipp\u00e9e du compartiment principal 19,5 cm \/ 7,6 pouces<br \/>\n-DIMENSIONS:<br \/>\nLargeur : 8\u2033 | 21 cm<br \/>\nHauteur : 6\u2033 | 16 cm<br \/>\nBandouli\u00e8re : bandouli\u00e8re r\u00e9glable 27\u201d \u2013 47,6\u201d (70 cm \u2013 120 cm)<br \/>\n\u2014 CAPACIT\u00c9\u00a0: peut contenir votre t\u00e9l\u00e9phone, un petit portefeuille, vos cl\u00e9s et votre maquillage.<\/p>\n<p>\u2714 MOYEN :<br \/>\nDoublure en coton 100%. Poche int\u00e9rieure zipp\u00e9e incluse. 15 cm de large x 11 cm de haut.<br \/>\nouverture zipp\u00e9e du compartiment principal 23 cm \/ 9 pouces<br \/>\n-DIMENSIONS:<br \/>\nLargeur : 9,6\u2033 | 25 cm<br \/>\nHauteur : 7,5\u2033 | 19 cm<br \/>\n\u2014 CAPACIT\u00c9\u00a0: Peut contenir un t\u00e9l\u00e9phone ou un gros livre, un portefeuille, des cl\u00e9s, du maquillage<\/p>\n<p>\u2714 PLUS GRAND :<br \/>\nDoublure en coton 100%. Comprend une poche int\u00e9rieure zipp\u00e9e.<br \/>\nouverture zipp\u00e9e du compartiment principal 27 cm \u2013 10,4 pouces<br \/>\n-DIMENSIONS:<br \/>\nLargeur : 12\u2033 | 30 cm<br \/>\nHauteur : 8\u2033 | 21 cm<br \/>\n\u2014 CAPACIT\u00c9 : Vous pouvez y ranger une tablette ou un petit livre, une petite bouteille d&#039;eau, un portefeuille, des cl\u00e9s, du maquillage, etc.<\/p>\n<p>Bandouli\u00e8re : bandouli\u00e8re r\u00e9glable 27\u201d \u2013 47,6\u201d (70 cm \u2013 120 cm)<\/p>\n<p>D\u00c9TAILS<br \/>\n\u2022 Cuir espagnol et italien de la meilleure qualit\u00e9<br \/>\n\u2022 Fermeture \u00e9clair de s\u00e9curit\u00e9<br \/>\n\u2022 Bracelet r\u00e9glable en cuir r\u00e9sistant avec quincaillerie en laiton de haute qualit\u00e9<br \/>\n\u2022 Poche int\u00e9rieure<br \/>\n\u2022 Doublure en coton 100%<\/p>","protected":false},"excerpt":{"rendered":"<p>Sac classique en cuir avec fermeture \u00e9clair et poche int\u00e9rieure.<\/p>\n<p>Sac \u00e0 main de cr\u00e9ateur<br \/>\nSacs et pochettes pour femmes<br \/>\nsacs de mariage<br \/>\nSacs \u00e0 main uniques faits \u00e0 la main<br \/>\nFabriqu\u00e9 \u00e0 la main \u00e0 Barcelone<\/p>\n<p>Sac bandouli\u00e8re en cuir noir pur<\/p>","protected":false},"featured_media":13694,"template":"","meta":[],"product_brand":[],"product_cat":[273,246],"product_tag":[333,334,336,256,335],"class_list":{"0":"post-13687","1":"product","2":"type-product","3":"status-publish","4":"has-post-thumbnail","6":"product_cat-bosses-llises-pell","7":"product_cat-bosses-de-pell","8":"product_tag-bossa-de-cuir-feta-a-ma","9":"product_tag-cuir-de-color-marro-clar","10":"product_tag-bossa-de-cuir-marro-clar","11":"product_tag-bossa-de-cuir-negre","12":"product_tag-bosses-creuades","13":"pa_size-bigger","14":"pa_size-medium","15":"pa_size-smaller","17":"first","18":"instock","19":"shipping-taxable","20":"purchasable","21":"product-type-variable"},"booking_location":null,"booking_location_type":null,"booking_duration":null,"booking_duration_unit":null,"booking_buffer":null,"booking_cost":null,"booking_resources":null,"_links":{"self":[{"href":"https:\/\/rossymina.cat\/fr\/wp-json\/wp\/v2\/product\/13687","targetHints":{"allow":["GET"]}}],"collection":[{"href":"https:\/\/rossymina.cat\/fr\/wp-json\/wp\/v2\/product"}],"about":[{"href":"https:\/\/rossymina.cat\/fr\/wp-json\/wp\/v2\/types\/product"}],"wp:featuredmedia":[{"embeddable":true,"href":"https:\/\/rossymina.cat\/fr\/wp-json\/wp\/v2\/media\/13694"}],"wp:attachment":[{"href":"https:\/\/rossymina.cat\/fr\/wp-json\/wp\/v2\/media?parent=13687"}],"wp:term":[{"taxonomy":"product_brand","embeddable":true,"href":"https:\/\/rossymina.cat\/fr\/wp-json\/wp\/v2\/product_brand?post=13687"},{"taxonomy":"product_cat","embeddable":true,"href":"https:\/\/rossymina.cat\/fr\/wp-json\/wp\/v2\/product_cat?post=13687"},{"taxonomy":"product_tag","embeddable":true,"href":"https:\/\/rossymina.cat\/fr\/wp-json\/wp\/v2\/product_tag?post=13687"}],"curies":[{"name":"wp","href":"https:\/\/api.w.org\/{rel}","templated":true}]}}