{"id":13707,"date":"2026-05-12T14:19:28","date_gmt":"2026-05-12T14:19:28","guid":{"rendered":"https:\/\/rossymina.cat\/?post_type=product&#038;p=13707"},"modified":"2026-05-12T15:07:05","modified_gmt":"2026-05-12T15:07:05","slug":"bossa-bandolera-mostassa","status":"publish","type":"product","link":"https:\/\/rossymina.cat\/fr\/bossa-bandolera-mostassa\/","title":{"rendered":"Bossa bandolera mostassa"},"content":{"rendered":"<pre id=\"tw-target-text\" class=\"tw-data-text tw-text-large tw-ta\" dir=\"ltr\" role=\"text\" data-placeholder=\"Traduction\" data-ved=\"2ahUKEwijq-P4-LOUAxWSgP0HHRnmOG0Q3ewLegQIDRAV\" aria-label=\"Texte traduit\u00a0: Bossa bandolera de color groc mostassa, feta amb pell de vaca suau. Dissenyem aquest moneder de dona, amb solapa i cremallera. \u00c9s lleuger i c\u00f2mode de portar en qualsevol ocasi\u00f3 i estil. Aquest moneder de pell d'un sol color \u00e9s casual i divertit. Cuir de qualitat duradora i artesania. \u00c9s lleuger, petit i prim, per\u00f2 prou gran com per cabre tot el que es necessita. Tamb\u00e9 \u00e9s molt vers\u00e0til, pot ser elegant o m\u00e9s esportiu --segons el teu vestit :-) mai passa de moda! El cuir \u00e9s robust, per\u00f2 suau, resistent i vibrant; l'atenci\u00f3 al detall \u00e9s fant\u00e0stica. TRES MIDES DIFERENTS: \u2714 M\u00c9S PETIT: Amplada: 8&quot; | 21 cm Al\u00e7ada: 6&quot; | 16 cm POT CABIR: Tel\u00e8fon, cartera petita, claus i maquillatge Un \u00fanic compartiment, sense folre (sense folre) obertura de cremallera del compartiment principal 19,5 cm \/ 7,6 polzades \u2714 MITJ\u00c0: Amplada: 9,6&quot; | 25 cm Al\u00e7ada: 7,5&quot; | 19 cm Folre 100% cot\u00f3. Inclou butxaca interior amb cremallera. 6&quot; d'amplada x 4 1\/3 d'al\u00e7ada (15 cm\/11 cm) obertura de cremallera del compartiment principal 23 cm \/ 9 polzades POT CABIR: Tel\u00e8fon, llibreta, cartera, claus, maquillatge \u2714 M\u00c9S GRAN: Amplada: 12&quot; | 30 cm Al\u00e7ada: 8&quot; | 21 cm Folre 100% cot\u00f3. Inclou butxaca interior amb cremallera obertura de cremallera del compartiment principal 27 cm - 10,4 polzades POT ADAPTAR: tauleta o llibre petit, ampolla d'aigua petita, cartera, claus, maquillatge, etc. CORREA ajustable 27'' - 47,6'' (70 cm - 120 cm) El nostre lliurament GRATU\u00cfT es fa un seguiment i el lliurament triga normalment dues setmanes. DETALLS \u2022 Pell de millor qualitat espanyola i italiana \u2022 Tancament de seguretat amb cremallera \u2022 Corretja de pell duradora ajustable amb maquinari de llaut\u00f3 d'alta qualitat \u2022 Butxaca interior \u2022 Folre 100% cot\u00f3 PER A M\u00c9S COLORS VISITEU ELS NOSTRES LISTATS ETSY TAN - https:\/\/www.etsy.com\/listing\/955119674\/small-tan-leather-crossbody-bag-medium?ref=hp_opfy-1&amp;frs=1 NEGRE - https:\/\/www.etsy.com\/listing\/979636185\/black-leather-handbag-with-flap-for MARR\u00d3- https:\/\/www.etsy.com\/listing\/982188245\/small-or-medium-size-light-or-dark-brown?ref=shop_home_recs_9&amp;frs=1 VERMELL - https:\/\/www.etsy.com\/listing\/970357695\/small-or-medium-size-red-leather?ref=shop_home_recs_23&amp;frs=1 MORAT - https:\/\/www.etsy.com\/listing\/968384678\/small-or-medium-size-burgundy-wine-color?ref=shop_home_recs_16&amp;frs=1 TURQUESA - https:\/\/www.etsy.com\/listing\/979717659\/small-or-medium-size-teal-turquoise?ref=shop_home_active_6&amp;frs=1&amp;sca=1\"><span class=\"Y2IQFc\" lang=\"ca\">Bossa bandolera de color groc mostassa, feta amb pell de vaca suau. Dissenyem aquest moneder de dona, amb solapa i cremallera. \u00c9s lleuger i c\u00f2mode de portar en qualsevol ocasi\u00f3 i estil.\r\nAquest moneder de pell d'un sol color \u00e9s casual i divertit.\r\nCuir de qualitat duradora i artesania. \u00c9s lleuger, petit i prim, per\u00f2 prou gran com per cabre tot el que es necessita.\r\nTamb\u00e9 \u00e9s molt vers\u00e0til, pot ser elegant o m\u00e9s esportiu --segons el teu vestit :-) mai passa de moda!\r\nEl cuir \u00e9s robust, per\u00f2 suau, resistent i vibrant; l'atenci\u00f3 al detall \u00e9s fant\u00e0stica.\r\n TRES MIDES DIFERENTS:\r\n\r\n\u2714 M\u00c9S PETIT:\r\nAmplada: 8\" | 21 cm\r\nAl\u00e7ada: 6\" | 16 cm\r\nPOT CABIR: Tel\u00e8fon, cartera petita, claus i maquillatge \r\nUn \u00fanic compartiment, sense folre (sense folre)\r\nobertura de cremallera del compartiment principal 19,5 cm \/ 7,6 polzades \r\n\u2714 MITJ\u00c0: \r\nAmplada: 9,6\" | 25 cm\r\nAl\u00e7ada: 7,5\" | 19 cm\r\nFolre 100% cot\u00f3. Inclou butxaca interior amb cremallera. 6\" d'amplada x 4 1\/3 d'al\u00e7ada (15 cm\/11 cm)\r\nobertura de cremallera del compartiment principal 23 cm \/ 9 polzades \r\nPOT CABIR: Tel\u00e8fon, llibreta, cartera, claus, maquillatge \r\n\r\n\u2714 M\u00c9S GRAN:\r\nAmplada: 12\" | 30 cm\r\nAl\u00e7ada: 8\" | 21 cm\r\nFolre 100% cot\u00f3. Inclou butxaca interior amb cremallera\r\nobertura de cremallera del compartiment principal 27 cm - 10,4 polzades \r\nPOT ADAPTAR: tauleta o llibre petit, ampolla d'aigua petita, cartera, claus, maquillatge, etc.\r\n\r\nCORREA ajustable 27'' - 47,6'' (70 cm - 120 cm)\r\n\r\nEl nostre lliurament GRATU\u00cfT es fa un seguiment i el lliurament triga normalment dues setmanes. \r\n\r\nDETALLS\r\n\u2022 Pell de millor qualitat espanyola i italiana\r\n\u2022 Tancament de seguretat amb cremallera \r\n\u2022 Corretja de pell duradora ajustable amb maquinari de llaut\u00f3 d'alta qualitat\r\n\u2022 Butxaca interior \r\n\u2022 Folre 100% cot\u00f3\r\n\r\nPER A M\u00c9S COLORS VISITEU ELS NOSTRES LISTATS ETSY\r\n\r\nTAN - https:\/\/www.etsy.com\/listing\/955119674\/small-tan-leather-crossbody-bag-medium?ref=hp_opfy-1&amp;frs=1\r\nNEGRE - https:\/\/www.etsy.com\/listing\/979636185\/black-leather-handbag-with-flap-for\r\nMARR\u00d3- https:\/\/www.etsy.com\/listing\/982188245\/small-or-medium-size-light-or-dark-brown?ref=shop_home_recs_9&amp;frs=1\r\nVERMELL - https:\/\/www.etsy.com\/listing\/970357695\/small-or-medium-size-red-leather?ref=shop_home_recs_23&amp;frs=1\r\nMORAT - https:\/\/www.etsy.com\/listing\/968384678\/small-or-medium-size-burgundy-wine-color?ref=shop_home_recs_16&amp;frs=1\r\nTURQUESA - https:\/\/www.etsy.com\/listing\/979717659\/small-or-medium-size-teal-turquoise?ref=shop_home_active_6&amp;frs=1&amp;sca=1<\/span><\/pre>","protected":false},"excerpt":{"rendered":"<p>Bossa cl\u00e0ssica de pell amb tancament de cremallera i butxaca interior.<\/p>\n<p>Sac \u00e0 main de cr\u00e9ateur<br \/>\nSacs et pochettes pour femmes<br \/>\nsacs de mariage<br \/>\nSacs \u00e0 main uniques faits \u00e0 la main<br \/>\nFabriqu\u00e9 \u00e0 la main \u00e0 Barcelone<\/p>\n<p>Bossa bandolera de pell de color negre pur<\/p>","protected":false},"featured_media":13711,"template":"","meta":[],"product_brand":[],"product_cat":[273,246],"product_tag":[333,334,336,256,335],"class_list":{"0":"post-13707","1":"product","2":"type-product","3":"status-publish","4":"has-post-thumbnail","6":"product_cat-bosses-llises-pell","7":"product_cat-bosses-de-pell","8":"product_tag-bossa-de-cuir-feta-a-ma","9":"product_tag-cuir-de-color-marro-clar","10":"product_tag-bossa-de-cuir-marro-clar","11":"product_tag-bossa-de-cuir-negre","12":"product_tag-bosses-creuades","13":"pa_size-bigger","14":"pa_size-medium","15":"pa_size-smaller","17":"first","18":"instock","19":"shipping-taxable","20":"purchasable","21":"product-type-variable"},"booking_location":null,"booking_location_type":null,"booking_duration":null,"booking_duration_unit":null,"booking_buffer":null,"booking_cost":null,"booking_resources":null,"_links":{"self":[{"href":"https:\/\/rossymina.cat\/fr\/wp-json\/wp\/v2\/product\/13707","targetHints":{"allow":["GET"]}}],"collection":[{"href":"https:\/\/rossymina.cat\/fr\/wp-json\/wp\/v2\/product"}],"about":[{"href":"https:\/\/rossymina.cat\/fr\/wp-json\/wp\/v2\/types\/product"}],"wp:featuredmedia":[{"embeddable":true,"href":"https:\/\/rossymina.cat\/fr\/wp-json\/wp\/v2\/media\/13711"}],"wp:attachment":[{"href":"https:\/\/rossymina.cat\/fr\/wp-json\/wp\/v2\/media?parent=13707"}],"wp:term":[{"taxonomy":"product_brand","embeddable":true,"href":"https:\/\/rossymina.cat\/fr\/wp-json\/wp\/v2\/product_brand?post=13707"},{"taxonomy":"product_cat","embeddable":true,"href":"https:\/\/rossymina.cat\/fr\/wp-json\/wp\/v2\/product_cat?post=13707"},{"taxonomy":"product_tag","embeddable":true,"href":"https:\/\/rossymina.cat\/fr\/wp-json\/wp\/v2\/product_tag?post=13707"}],"curies":[{"name":"wp","href":"https:\/\/api.w.org\/{rel}","templated":true}]}}