{"id":13740,"date":"2026-05-12T15:05:31","date_gmt":"2026-05-12T15:05:31","guid":{"rendered":"https:\/\/rossymina.cat\/?post_type=product&#038;p=13740"},"modified":"2026-05-12T15:16:44","modified_gmt":"2026-05-12T15:16:44","slug":"bossa-bandolera-blau","status":"publish","type":"product","link":"https:\/\/rossymina.cat\/fr\/bossa-bandolera-blau\/","title":{"rendered":"Bossa bandolera blau"},"content":{"rendered":"<p>Aquest moneder de pell petit o mitj\u00e0<i> color blau<\/i>\u00a0est\u00e0 fet a m\u00e0 amb pell de vaca italiana de la millor qualitat. La corretja de cuir resistent \u00e9s ajustable perqu\u00e8 la puguis fer com a bossa de crossbody o bandolera.<\/p>\n<p>Fem aquest moneder de pell lleuger i c\u00f2mode per portar-lo en qualsevol ocasi\u00f3 i estil,<br \/>\nPur d&#8217;un sol color, una bossa de m\u00e0 de pell suau i llisa amb tancament de solapa i cremallera per a seguretat.<br \/>\nCuir de qualitat duradora i artesania. \u00c9s lleuger, petit i prim, per\u00f2 prou gran com per cabre tot el que es necessita.<br \/>\nTamb\u00e9 \u00e9s molt vers\u00e0til, pot ser elegant o m\u00e9s esportiu, segons el vostre vestit \ud83d\ude42<\/p>\n<p>DIMENSIONS:<br \/>\n\u2714 PLUS PETIT :<br \/>\nUn \u00fanic compartiment, sense folre (sense folre)<br \/>\nobertura de cremallera del compartiment principal 19,5 cm \/ 7,6 polzades<br \/>\n-DIMENSIONS:<br \/>\nAmplada: 8&#8243; | 21 cm<br \/>\nAl\u00e7ada: 6&#8243; | 16 cm<br \/>\nCorretja: bandolera ajustable 27&#8221; &#8211; 47,6&#8221; (70 cm &#8211; 120 cm)<br \/>\n&#8212; CAPACITAT: pot adaptar-se al vostre tel\u00e8fon, cartera petita, claus i maquillatge<\/p>\n<p>\u2714 MITJ\u00c0:<br \/>\nFolre 100% cot\u00f3. Inclou butxaca interior amb cremallera. 6&#8243; d&#8217;amplada x 4 1\/3 d&#8217;al\u00e7ada (15 cm\/11 cm)<br \/>\nobertura de cremallera del compartiment principal 23 cm \/ 9 polzades<br \/>\n-DIMENSIONS:<br \/>\nLargeur : 9,6\u2033 | 25 cm<br \/>\nHauteur : 7,5\u2033 | 19 cm<br \/>\n&#8212; CAPACITAT: Pots cabre un tel\u00e8fon o llibre gran, cartera, claus, maquillatge<\/p>\n<p>\u2714 PLUS GRAND :<br \/>\nFolre 100% cot\u00f3. Inclou butxaca interior amb cremallera<br \/>\nobertura de cremallera del compartiment principal 27 cm &#8211; 10,4 polzades<br \/>\n-DIMENSIONS:<br \/>\nLargeur : 12\u2033 | 30 cm<br \/>\nHauteur : 8\u2033 | 21 cm<br \/>\n&#8212; CAPACITAT: Podeu posar-hi una tauleta o un llibre petit, una petita ampolla d&#8217;aigua, cartera, claus, maquillatge, etc.<\/p>\n<p>Corretja: bandolera ajustable 27&#8221; &#8211; 47,6&#8221; (70 cm &#8211; 120 cm)<\/p>\n<p>D\u00c9TAILS<br \/>\n\u2022 Cuir espagnol et italien de la meilleure qualit\u00e9<br \/>\n\u2022 Fermeture \u00e9clair de s\u00e9curit\u00e9<br \/>\n\u2022 Bracelet r\u00e9glable en cuir r\u00e9sistant avec quincaillerie en laiton de haute qualit\u00e9<br \/>\n\u2022 Poche int\u00e9rieure<br \/>\n\u2022 Folre 100% cot\u00f3<\/p>","protected":false},"excerpt":{"rendered":"<p>Bossa cl\u00e0ssica de pell amb tancament de cremallera i butxaca interior.<\/p>\n<p>Sac \u00e0 main de cr\u00e9ateur<br \/>\nSacs et pochettes pour femmes<br \/>\nsacs de mariage<br \/>\nSacs \u00e0 main uniques faits \u00e0 la main<br \/>\nFabriqu\u00e9 \u00e0 la main \u00e0 Barcelone<\/p>\n<p>Bossa bandolera de pell de color negre pur<\/p>","protected":false},"featured_media":13744,"template":"","meta":[],"product_brand":[],"product_cat":[273,246],"product_tag":[333,334,336,256,335],"class_list":{"0":"post-13740","1":"product","2":"type-product","3":"status-publish","4":"has-post-thumbnail","6":"product_cat-bosses-llises-pell","7":"product_cat-bosses-de-pell","8":"product_tag-bossa-de-cuir-feta-a-ma","9":"product_tag-cuir-de-color-marro-clar","10":"product_tag-bossa-de-cuir-marro-clar","11":"product_tag-bossa-de-cuir-negre","12":"product_tag-bosses-creuades","13":"pa_size-bigger","14":"pa_size-medium","15":"pa_size-smaller","17":"first","18":"instock","19":"shipping-taxable","20":"purchasable","21":"product-type-variable"},"booking_location":null,"booking_location_type":null,"booking_duration":null,"booking_duration_unit":null,"booking_buffer":null,"booking_cost":null,"booking_resources":null,"_links":{"self":[{"href":"https:\/\/rossymina.cat\/fr\/wp-json\/wp\/v2\/product\/13740","targetHints":{"allow":["GET"]}}],"collection":[{"href":"https:\/\/rossymina.cat\/fr\/wp-json\/wp\/v2\/product"}],"about":[{"href":"https:\/\/rossymina.cat\/fr\/wp-json\/wp\/v2\/types\/product"}],"wp:featuredmedia":[{"embeddable":true,"href":"https:\/\/rossymina.cat\/fr\/wp-json\/wp\/v2\/media\/13744"}],"wp:attachment":[{"href":"https:\/\/rossymina.cat\/fr\/wp-json\/wp\/v2\/media?parent=13740"}],"wp:term":[{"taxonomy":"product_brand","embeddable":true,"href":"https:\/\/rossymina.cat\/fr\/wp-json\/wp\/v2\/product_brand?post=13740"},{"taxonomy":"product_cat","embeddable":true,"href":"https:\/\/rossymina.cat\/fr\/wp-json\/wp\/v2\/product_cat?post=13740"},{"taxonomy":"product_tag","embeddable":true,"href":"https:\/\/rossymina.cat\/fr\/wp-json\/wp\/v2\/product_tag?post=13740"}],"curies":[{"name":"wp","href":"https:\/\/api.w.org\/{rel}","templated":true}]}}