{"id":13772,"date":"2026-05-12T16:11:04","date_gmt":"2026-05-12T16:11:04","guid":{"rendered":"https:\/\/rossymina.cat\/?post_type=product&#038;p=13772"},"modified":"2026-05-14T09:38:34","modified_gmt":"2026-05-14T09:38:34","slug":"bossa-pintada-amb-plumes","status":"publish","type":"product","link":"https:\/\/rossymina.cat\/fr\/bossa-pintada-amb-plumes\/","title":{"rendered":"Bossa pintada amb plumes"},"content":{"rendered":"<h1>Bossa petita pintada amb plumes<\/h1>\n<pre>Un petit sac unique pour femme, ce mini sac multifonctionnel est parfait pour toutes les occasions. Peint \u00e0 la main dans des tons neutres, ce sac bandouli\u00e8re rond noir en cuir de vachette souple est l&#039;accessoire indispensable du jour comme de la nuit. Disponible en cuir noir ou marron chocolat. Glissez-y votre portefeuille, votre t\u00e9l\u00e9phone et vos cl\u00e9s, et vous obtenez le sac id\u00e9al pour une sortie, en journ\u00e9e ou en soir\u00e9e. Nous peignons soigneusement chaque sac, un par un, sur un cuir de la plus haute qualit\u00e9, pour vous offrir ou offrir \u00e0 une amie. Sac de soir\u00e9e ou pochette parfaite pour vos sorties.<\/pre>\n<p>La longueur de la sangle se raccourcit et s&#039;allonge de 60 \u00e0 125 cm (24\u2033 \u00e0 47\u2033).<\/p>\n<p>Nous fabriquons ce sac en 3 tailles.<\/p>\n<p>Ce sac aux dimensions id\u00e9ales (25 cm de large x 19 cm de haut) est suffisamment spacieux pour contenir tous vos essentiels (ordinateur portable, t\u00e9l\u00e9phone, portefeuille, argent, cl\u00e9s). Il convient parfaitement \u00e0 toutes les occasions, habill\u00e9es ou d\u00e9contract\u00e9es. Sa bandouli\u00e8re est r\u00e9glable et permet de le porter en bandouli\u00e8re ou \u00e0 la main.<\/p>\n<p>La doublure est en coton 100% et poss\u00e8de une poche int\u00e9rieure de 15 cm de large \/ 11 cm de haut (6 pouces) avec fermeture \u00e9clair, assez grande pour contenir votre t\u00e9l\u00e9phone ou votre portefeuille.<\/p>\n<p>Il est disponible en plusieurs couleurs.<\/p>\n<ul>\n<li>dans <span style=\"color: #993300\">brun chocolat fonc\u00e9\u00a0<\/span><\/li>\n<li>Authentique noir<\/li>\n<li>Blanc<\/li>\n<li>Blau turquesa <span style=\"font-family: -apple-system, BlinkMacSystemFont, 'Segoe UI', Roboto, 'Helvetica Neue', Arial, 'Noto Sans', sans-serif, 'Apple Color Emoji', 'Segoe UI Emoji', 'Segoe UI Symbol', 'Noto Color Emoji'\">et s&#039;adapte aux go\u00fbts et aux tendances les plus exigeants.<\/span><\/li>\n<\/ul>\n<p>Pintat a m\u00e0 amb colors especials resistents\u00a0Pell espanyola i italiana de la millor qualitat<\/p>\n<p>F\u00e0cil de netejar i resistent a l&#8217;aigua<\/p>\n<p>Segur amb cremallera<br \/>\nCorretja de pell duradora amb ferramentes de llaut\u00f3 d&#8217;alta qualitat<br \/>\nButxaca interior<\/p>\n<p>\u00c9galement disponible en taille unique <a href=\"https:\/\/rossymina.com\/shop\/bags\/handpainted-bags\/crossbody-leather-bag-with-geometrical-design\" target=\"_blank\" rel=\"noopener\">PLUS GROS<\/a> 12\u2033 de large \/ 8\u2033 de haut (30 cm \/ 21 cm)<\/p>","protected":false},"excerpt":{"rendered":"<p>Ce sac bandouli\u00e8re unique est peint \u00e0 la main avec un motif g\u00e9om\u00e9trique et est enti\u00e8rement fabriqu\u00e9 \u00e0 la main avec du cuir de vachette espagnol de la plus haute qualit\u00e9.<\/p>","protected":false},"featured_media":13780,"template":"","meta":[],"product_brand":[],"product_cat":[246,247],"product_tag":[333,341,281,256],"class_list":{"0":"post-13772","1":"product","2":"type-product","3":"status-publish","4":"has-post-thumbnail","6":"product_cat-bosses-de-pell","7":"product_cat-bosses-pintats","8":"product_tag-bossa-de-cuir-feta-a-ma","9":"product_tag-cuir-pintada-a-ma","10":"product_tag-bossa-de-cuir-marro","11":"product_tag-bossa-de-cuir-negre","12":"pa_color-blanc","13":"pa_color-marro","14":"pa_color-negre","15":"pa_color-turquesa","16":"pa_color-vermell","18":"first","19":"instock","20":"shipping-taxable","21":"purchasable","22":"product-type-variable"},"booking_location":null,"booking_location_type":null,"booking_duration":null,"booking_duration_unit":null,"booking_buffer":null,"booking_cost":null,"booking_resources":null,"_links":{"self":[{"href":"https:\/\/rossymina.cat\/fr\/wp-json\/wp\/v2\/product\/13772","targetHints":{"allow":["GET"]}}],"collection":[{"href":"https:\/\/rossymina.cat\/fr\/wp-json\/wp\/v2\/product"}],"about":[{"href":"https:\/\/rossymina.cat\/fr\/wp-json\/wp\/v2\/types\/product"}],"wp:featuredmedia":[{"embeddable":true,"href":"https:\/\/rossymina.cat\/fr\/wp-json\/wp\/v2\/media\/13780"}],"wp:attachment":[{"href":"https:\/\/rossymina.cat\/fr\/wp-json\/wp\/v2\/media?parent=13772"}],"wp:term":[{"taxonomy":"product_brand","embeddable":true,"href":"https:\/\/rossymina.cat\/fr\/wp-json\/wp\/v2\/product_brand?post=13772"},{"taxonomy":"product_cat","embeddable":true,"href":"https:\/\/rossymina.cat\/fr\/wp-json\/wp\/v2\/product_cat?post=13772"},{"taxonomy":"product_tag","embeddable":true,"href":"https:\/\/rossymina.cat\/fr\/wp-json\/wp\/v2\/product_tag?post=13772"}],"curies":[{"name":"wp","href":"https:\/\/api.w.org\/{rel}","templated":true}]}}