{"id":13816,"date":"2026-05-14T11:22:26","date_gmt":"2026-05-14T11:22:26","guid":{"rendered":"https:\/\/rossymina.cat\/?post_type=product&#038;p=13816"},"modified":"2026-05-14T11:42:12","modified_gmt":"2026-05-14T11:42:12","slug":"bossa-pintada-amb-papallona","status":"publish","type":"product","link":"https:\/\/rossymina.cat\/fr\/bossa-pintada-amb-papallona\/","title":{"rendered":"sac peint en papillon"},"content":{"rendered":"<h1>Bossa petita pintada amb Papallona<\/h1>\n<pre>Bossa petita \u00fanica per a dona, aquesta mini bossa multifuncional s'adapta a qualsevol ocasi\u00f3. Pintada a m\u00e0 amb colors neutres, aquesta bossa bandolera rodona de pell de vaca suau de color negre \u00e9s l'accessori imprescindible per al dia o la nit. Est\u00e0 disponible en pell negra, marr\u00f3 xocolata, blau turquesa, groc.\r\nPorta una moneder, el tel\u00e8fon i les claus, i tens la bossa perfecta per a una passejada d'un dia o una discoteca. Pintem acuradament aquestes bosses, una per una, sobre la pell de la millor qualitat, perqu\u00e8 tinguis el mini regal perfecte per a una amiga o per a tu mateixa. Bossa de festa o bossa de nit per sortir.<\/pre>\n<p>La longueur de la sangle se raccourcit et s&#039;allonge de 60 \u00e0 125 cm (24\u2033 \u00e0 47\u2033).<\/p>\n<p>Nous fabriquons ce sac en 3 tailles.<\/p>\n<p>Ce sac aux dimensions id\u00e9ales (25 cm de large x 19 cm de haut) est suffisamment spacieux pour contenir tous vos essentiels (ordinateur portable, t\u00e9l\u00e9phone, portefeuille, argent, cl\u00e9s). Il convient parfaitement \u00e0 toutes les occasions, habill\u00e9es ou d\u00e9contract\u00e9es. Sa bandouli\u00e8re est r\u00e9glable et permet de le porter en bandouli\u00e8re ou \u00e0 la main.<\/p>\n<p>La doublure est en coton 100% et poss\u00e8de une poche int\u00e9rieure de 15 cm de large \/ 11 cm de haut (6 pouces) avec fermeture \u00e9clair, assez grande pour contenir votre t\u00e9l\u00e9phone ou votre portefeuille.<\/p>\n<p>Pintat a m\u00e0 amb colors especials resistents\u00a0Pell espanyola i italiana de la millor qualitat<\/p>\n<p>F\u00e0cil de netejar i resistent a l&#8217;aigua<\/p>\n<p>Segur amb cremallera<br \/>\nCorretja de pell duradora amb ferramentes de llaut\u00f3 d&#8217;alta qualitat<br \/>\nButxaca interior<\/p>\n<p>\u00c9galement disponible en taille unique <a href=\"https:\/\/rossymina.com\/shop\/bags\/handpainted-bags\/crossbody-leather-bag-with-geometrical-design\" target=\"_blank\" rel=\"noopener\">PLUS GROS<\/a> 12\u2033 de large \/ 8\u2033 de haut (30 cm \/ 21 cm)<\/p>","protected":false},"excerpt":{"rendered":"<p>Ce sac bandouli\u00e8re unique est peint \u00e0 la main avec un motif g\u00e9om\u00e9trique et est enti\u00e8rement fabriqu\u00e9 \u00e0 la main avec du cuir de vachette espagnol de la plus haute qualit\u00e9.<\/p>","protected":false},"featured_media":13821,"template":"","meta":[],"product_brand":[],"product_cat":[246,247],"product_tag":[333,341,281,256],"class_list":{"0":"post-13816","1":"product","2":"type-product","3":"status-publish","4":"has-post-thumbnail","6":"product_cat-bosses-de-pell","7":"product_cat-bosses-pintats","8":"product_tag-bossa-de-cuir-feta-a-ma","9":"product_tag-cuir-pintada-a-ma","10":"product_tag-bossa-de-cuir-marro","11":"product_tag-bossa-de-cuir-negre","12":"pa_color-groc","13":"pa_color-marro","14":"pa_color-negre","15":"pa_color-turquesa","17":"first","18":"instock","19":"shipping-taxable","20":"purchasable","21":"product-type-variable"},"booking_location":null,"booking_location_type":null,"booking_duration":null,"booking_duration_unit":null,"booking_buffer":null,"booking_cost":null,"booking_resources":null,"_links":{"self":[{"href":"https:\/\/rossymina.cat\/fr\/wp-json\/wp\/v2\/product\/13816","targetHints":{"allow":["GET"]}}],"collection":[{"href":"https:\/\/rossymina.cat\/fr\/wp-json\/wp\/v2\/product"}],"about":[{"href":"https:\/\/rossymina.cat\/fr\/wp-json\/wp\/v2\/types\/product"}],"wp:featuredmedia":[{"embeddable":true,"href":"https:\/\/rossymina.cat\/fr\/wp-json\/wp\/v2\/media\/13821"}],"wp:attachment":[{"href":"https:\/\/rossymina.cat\/fr\/wp-json\/wp\/v2\/media?parent=13816"}],"wp:term":[{"taxonomy":"product_brand","embeddable":true,"href":"https:\/\/rossymina.cat\/fr\/wp-json\/wp\/v2\/product_brand?post=13816"},{"taxonomy":"product_cat","embeddable":true,"href":"https:\/\/rossymina.cat\/fr\/wp-json\/wp\/v2\/product_cat?post=13816"},{"taxonomy":"product_tag","embeddable":true,"href":"https:\/\/rossymina.cat\/fr\/wp-json\/wp\/v2\/product_tag?post=13816"}],"curies":[{"name":"wp","href":"https:\/\/api.w.org\/{rel}","templated":true}]}}