{"id":13830,"date":"2026-05-14T11:54:39","date_gmt":"2026-05-14T11:54:39","guid":{"rendered":"https:\/\/rossymina.cat\/?post_type=product&#038;p=13830"},"modified":"2026-05-14T13:56:40","modified_gmt":"2026-05-14T13:56:40","slug":"bossa-de-pell-negre-per-a-cada-dia-amb-flors-pintades","status":"publish","type":"product","link":"https:\/\/rossymina.cat\/fr\/bossa-de-pell-negre-per-a-cada-dia-amb-flors-pintades\/","title":{"rendered":"Bossa de pell negre per a cada dia amb flors pintades"},"content":{"rendered":"<h1>Sacoche en cuir pour tous les jours avec fleurs peintes<\/h1>\n<p>Ce sac bandouli\u00e8re d&#039;exception est peint \u00e0 la main de fleurs aux couleurs \u00e9clatantes et enti\u00e8rement confectionn\u00e9 artisanalement en cuir de vachette espagnol de la plus haute qualit\u00e9. Tr\u00e8s l\u00e9ger, il offre un toucher doux et soyeux.<\/p>\n<p>Nous concevons et peignons \u00e0 la main nos produits en s\u00e9lectionnant soigneusement le cuir\u00a0; chaque pi\u00e8ce est unique et sp\u00e9ciale. Nous utilisons des cuirs aux couleurs vives et r\u00e9sistantes, orn\u00e9s de pendentifs en pierre naturelle.<\/p>\n<p>Ce sac poss\u00e8de la taille id\u00e9ale (30 cm de large sur 21 cm de haut), suffisamment spacieuse pour contenir tous vos essentiels (ordinateur portable, t\u00e9l\u00e9phone, portefeuille, argent, cl\u00e9s). Il convient \u00e0 toutes les occasions, habill\u00e9es ou d\u00e9contract\u00e9es. Sa bandouli\u00e8re est r\u00e9glable et permet de le porter en bandouli\u00e8re ou \u00e0 la main.<\/p>\n<p>La doublure est en coton 100% et poss\u00e8de une poche int\u00e9rieure zipp\u00e9e de 15 cm de large \/ 11 cm de haut, assez grande pour votre t\u00e9l\u00e9phone ou votre portefeuille.<br \/>\nIl est disponible en plusieurs couleurs.<\/p>\n<ul>\n<li>dans <span style=\"color: #993300\">brun chocolat fonc&eacute;&lt;\/span&gt;couleur\u00a0<\/span><\/li>\n<li>Authentique noir<\/li>\n<li><span style=\"color: #339966\">turquoise ou vert bleu\u00e2tre<\/span><\/li>\n<li>Mariage blanc<\/li>\n<\/ul>\n<p>et s&#039;adapte aux go\u00fbts et aux tendances les plus exigeants.<\/p>\n<p>\u2022 Peint \u00e0 la main avec des couleurs r\u00e9sistantes sp\u00e9ciales<br \/>\n\u2022 Cuir espagnol et italien de la plus haute qualit\u00e9<br \/>\n\u2022 Facile \u00e0 nettoyer et r\u00e9sistant \u00e0 l&#039;eau<br \/>\n\u2022 Fermeture \u00e9clair<br \/>\n\u2022 Bracelet en cuir r\u00e9sistant avec quincaillerie en laiton de haute qualit\u00e9<br \/>\n\u2022 Poche int\u00e9rieure<\/p>\n<p>\u00c9galement disponible en taille unique <a href=\"https:\/\/rossymina.com\/shop\/bags\/handpainted-bags\/everyday-leather-bag-with-flowers\/\" target=\"_blank\" rel=\"noopener\">PLUS PETIT<\/a> 25 cm de large \/ 19 cm de haut (25 cm \/ 19 cm)<\/p>","protected":false},"excerpt":{"rendered":"<p>Ce sac bandouli\u00e8re unique est peint \u00e0 la main avec des fleurs et enti\u00e8rement fabriqu\u00e9 \u00e0 la main avec du cuir de vachette espagnol de la plus haute qualit\u00e9.<\/p>","protected":false},"featured_media":13833,"template":"","meta":[],"product_brand":[],"product_cat":[246,247],"product_tag":[333,255,259,343,278,344,345],"class_list":{"0":"post-13830","1":"product","2":"type-product","3":"status-publish","4":"has-post-thumbnail","6":"product_cat-bosses-de-pell","7":"product_cat-bosses-pintats","8":"product_tag-bossa-de-cuir-feta-a-ma","9":"product_tag-cuir-pintat-a-ma","10":"product_tag-flors-mexicanes","11":"product_tag-bossa-de-cuir-turquesa","12":"product_tag-bossa-de-nuvia","13":"product_tag-disseny-de-flors-brillants","14":"product_tag-flors-pintades","15":"pa_size-bigger","16":"pa_size-medium","18":"first","19":"instock","20":"shipping-taxable","21":"purchasable","22":"product-type-variable"},"booking_location":null,"booking_location_type":null,"booking_duration":null,"booking_duration_unit":null,"booking_buffer":null,"booking_cost":null,"booking_resources":null,"_links":{"self":[{"href":"https:\/\/rossymina.cat\/fr\/wp-json\/wp\/v2\/product\/13830","targetHints":{"allow":["GET"]}}],"collection":[{"href":"https:\/\/rossymina.cat\/fr\/wp-json\/wp\/v2\/product"}],"about":[{"href":"https:\/\/rossymina.cat\/fr\/wp-json\/wp\/v2\/types\/product"}],"wp:featuredmedia":[{"embeddable":true,"href":"https:\/\/rossymina.cat\/fr\/wp-json\/wp\/v2\/media\/13833"}],"wp:attachment":[{"href":"https:\/\/rossymina.cat\/fr\/wp-json\/wp\/v2\/media?parent=13830"}],"wp:term":[{"taxonomy":"product_brand","embeddable":true,"href":"https:\/\/rossymina.cat\/fr\/wp-json\/wp\/v2\/product_brand?post=13830"},{"taxonomy":"product_cat","embeddable":true,"href":"https:\/\/rossymina.cat\/fr\/wp-json\/wp\/v2\/product_cat?post=13830"},{"taxonomy":"product_tag","embeddable":true,"href":"https:\/\/rossymina.cat\/fr\/wp-json\/wp\/v2\/product_tag?post=13830"}],"curies":[{"name":"wp","href":"https:\/\/api.w.org\/{rel}","templated":true}]}}