{"id":13835,"date":"2026-05-14T15:00:33","date_gmt":"2026-05-14T15:00:33","guid":{"rendered":"https:\/\/rossymina.cat\/?post_type=product&#038;p=13835"},"modified":"2026-05-14T15:00:33","modified_gmt":"2026-05-14T15:00:33","slug":"rinonera-minimalista-de-pell","status":"publish","type":"product","link":"https:\/\/rossymina.cat\/fr\/rinonera-minimalista-de-pell\/","title":{"rendered":"Ri\u00f1onera minimalista de pell"},"content":{"rendered":"<pre id=\"tw-target-text\" class=\"tw-data-text tw-text-large tw-ta\" dir=\"ltr\" role=\"text\" data-placeholder=\"Traduction\" data-ved=\"2ahUKEwijq-P4-LOUAxWSgP0HHRnmOG0Q3ewLegQIDRAV\" aria-label=\"Texte traduit\u00a0: Fem aquesta ri\u00f1onera de pell amb pell espanyola suau. T\u00e9 un \u00fanic compartiment assegurat amb una cremallera YKK met\u00e0l\u00b7lica. Pots portar aquesta ri\u00f1onera tant a la cintura com com a bossa de crossbody perqu\u00e8 t\u00e9 un cintur\u00f3 ajustable. T\u00e9 prou espai a l'interior per cabre tots els vostres elements essencials com ara un tel\u00e8fon m\u00f2bil, cartera, claus i cosm\u00e8tics.El cintur\u00f3 s'obre i es tanca c\u00f2modament amb un mosquet\u00f3. La pell genu\u00efna de pell de caw pot presentar petites imperfeccions i variacions de color a causa de la naturalesa del material. Aix\u00f2 afegeix singularitat a cada element.La pell \u00e9s un material noble, flexible, transpirable i resistent. Madura molt b\u00e9. DIMENSIONS:Longitud: 23 cm o 9&quot;Al\u00e7ada: 14 cm o 5&quot; 1\/2 Amplada: 4cm o 1&quot;1\/2La longitud de la corretja s'ajusta perqu\u00e8 la puguis portar als malucs i al cos creuat. La longitud total de la ri\u00f1onera i el cintur\u00f3 s'ajusta des dels 70 cm (27 &quot;1\/2) m\u00e9s curts fins als 110 cm o (43&quot;) m\u00e9s llargs (fes-nos saber si necessites una altra mida i longitud). Fes-nos saber si necessites una talla especial per a tu i l'adaptarem.\"><span class=\"Y2IQFc\" lang=\"ca\"><strong>Bossa de cintur\u00f3 amb cremallera, corretja ajustable\r\n\r\n<\/strong>\r\nFem aquesta ri\u00f1onera de pell amb pell espanyola suau. T\u00e9 un \u00fanic compartiment assegurat amb una cremallera YKK met\u00e0l\u00b7lica. Pots portar aquesta ri\u00f1onera tant a la cintura com com a bossa de crossbody perqu\u00e8 t\u00e9 un cintur\u00f3 ajustable. T\u00e9 prou espai a l'interior per cabre tots els vostres elements essencials com ara un tel\u00e8fon m\u00f2bil, cartera, claus i cosm\u00e8tics.\r\nEl cintur\u00f3 s'obre i es tanca c\u00f2modament amb un mosquet\u00f3. \r\nLa pell genu\u00efna de pell de caw pot presentar petites imperfeccions i variacions de color a causa de la naturalesa del material. Aix\u00f2 afegeix singularitat a cada element.\r\nLa pell \u00e9s un material noble, flexible, transpirable i resistent. Madura molt b\u00e9. \r\n\r\nDIMENSIONS:\r\n\r\nLongitud: 23 cm o 9\"\r\nAl\u00e7ada: 14 cm o 5\" 1\/2 \r\nAmplada: 4cm o 1\"1\/2\r\nLa longitud de la corretja s'ajusta perqu\u00e8 la puguis portar als malucs i al cos creuat. \r\nLa longitud total de la ri\u00f1onera i el cintur\u00f3 s'ajusta des dels 70 cm (27 \"1\/2) m\u00e9s curts fins als 110 cm o (43\") m\u00e9s llargs (fes-nos saber si necessites una altra mida i longitud). \r\nFes-nos saber si necessites una talla especial per a tu i l'adaptarem.<\/span><\/pre>","protected":false},"excerpt":{"rendered":"<p>Bossa de cintur\u00f3 amb cremallera, corretja ajustable Fem aquesta ri\u00f1onera de pell amb pell espanyola suau. T\u00e9 un \u00fanic compartiment assegurat amb una cremallera YKK met\u00e0l\u00b7lica. Pots portar aquesta ri\u00f1onera tant a la cintura com com a bossa de crossbody perqu\u00e8 t\u00e9 un cintur\u00f3 ajustable. T\u00e9 prou espai a l&#8217;interior per cabre tots els vostres [&hellip;]<\/p>\n","protected":false},"featured_media":13847,"template":"","meta":[],"product_brand":[],"product_cat":[260],"product_tag":[],"class_list":{"0":"post-13835","1":"product","2":"type-product","3":"status-publish","4":"has-post-thumbnail","6":"product_cat-ronyoneres","7":"pa_color-cuir-tabac","8":"pa_color-gris","9":"pa_color-groc-mostassa","10":"pa_color-marro","11":"pa_color-negre","12":"pa_color-tan","13":"pa_color-turquesa-blava","14":"pa_color-verd","15":"pa_color-vi","17":"first","18":"instock","19":"shipping-taxable","20":"purchasable","21":"product-type-variable"},"booking_location":null,"booking_location_type":null,"booking_duration":null,"booking_duration_unit":null,"booking_buffer":null,"booking_cost":null,"booking_resources":null,"_links":{"self":[{"href":"https:\/\/rossymina.cat\/fr\/wp-json\/wp\/v2\/product\/13835","targetHints":{"allow":["GET"]}}],"collection":[{"href":"https:\/\/rossymina.cat\/fr\/wp-json\/wp\/v2\/product"}],"about":[{"href":"https:\/\/rossymina.cat\/fr\/wp-json\/wp\/v2\/types\/product"}],"wp:featuredmedia":[{"embeddable":true,"href":"https:\/\/rossymina.cat\/fr\/wp-json\/wp\/v2\/media\/13847"}],"wp:attachment":[{"href":"https:\/\/rossymina.cat\/fr\/wp-json\/wp\/v2\/media?parent=13835"}],"wp:term":[{"taxonomy":"product_brand","embeddable":true,"href":"https:\/\/rossymina.cat\/fr\/wp-json\/wp\/v2\/product_brand?post=13835"},{"taxonomy":"product_cat","embeddable":true,"href":"https:\/\/rossymina.cat\/fr\/wp-json\/wp\/v2\/product_cat?post=13835"},{"taxonomy":"product_tag","embeddable":true,"href":"https:\/\/rossymina.cat\/fr\/wp-json\/wp\/v2\/product_tag?post=13835"}],"curies":[{"name":"wp","href":"https:\/\/api.w.org\/{rel}","templated":true}]}}