{"id":13859,"date":"2026-05-14T15:08:36","date_gmt":"2026-05-14T15:08:36","guid":{"rendered":"https:\/\/rossymina.cat\/?post_type=product&#038;p=13859"},"modified":"2026-05-14T15:32:06","modified_gmt":"2026-05-14T15:32:06","slug":"rinonera-de-cuir","status":"publish","type":"product","link":"https:\/\/rossymina.cat\/fr\/rinonera-de-cuir\/","title":{"rendered":"Ri\u00f1onera de cuir"},"content":{"rendered":"<pre class=\"tw-data-text tw-text-large tw-ta\" dir=\"ltr\" role=\"text\" data-placeholder=\"Traduction\" data-ved=\"2ahUKEwijq-P4-LOUAxWSgP0HHRnmOG0Q3ewLegQIDRAV\" aria-label=\"Texte traduit\u00a0: Fem aquesta ri\u00f1onera de pell amb pell espanyola suau. T\u00e9 un \u00fanic compartiment assegurat amb una cremallera YKK met\u00e0l\u00b7lica. Pots portar aquesta ri\u00f1onera tant a la cintura com com a bossa de crossbody perqu\u00e8 t\u00e9 un cintur\u00f3 ajustable. T\u00e9 prou espai a l'interior per cabre tots els vostres elements essencials com ara un tel\u00e8fon m\u00f2bil, cartera, claus i cosm\u00e8tics. El cintur\u00f3 s'obre i es tanca c\u00f2modament amb un mosquet\u00f3. La pell genu\u00efna de pell de caw pot presentar petites imperfeccions i variacions de color a causa de la naturalesa del material. Aix\u00f2 afegeix singularitat a cada element. La pell \u00e9s un material noble, flexible, transpirable i resistent. Madura molt b\u00e9. DIMENSIONS: Longitud: 23 cm o 9&quot; Al\u00e7ada: 14 cm o 5&quot; 1\/2 Amplada: 4cm o 1&quot;1\/2 La longitud de la corretja s'ajusta perqu\u00e8 la puguis portar als malucs i al cos creuat. La longitud total de la ri\u00f1onera i el cintur\u00f3 s'ajusta des dels 70 cm (27 &quot;1\/2) m\u00e9s curts fins als 110 cm o (43&quot;) m\u00e9s llargs (fes-nos saber si necessites una altra mida i longitud). Fes-nos saber si necessites una talla especial per a tu i l'adaptarem.\"><span class=\"Y2IQFc\" lang=\"ca\"><strong>Bossa de cintur\u00f3 amb cremallera, corretja ajustable\r\n\r\n<\/strong><\/span>Disseny compacte amb capacitat d'emmagatzematge sorprenent. Fem aquesta ri\u00f1onera de pell amb cuir itali\u00e0 100% aut\u00e8ntic. Aquesta bossa de cintura de pell t\u00e9 dos compartiments: un assegurat amb una cremallera ykk met\u00e0l\u00b7lica i la butxaca davantera amb solapa i tanca magn\u00e8tica, perfecta per a tel\u00e8fons m\u00f2bils. Pots portar aquesta ri\u00f1onera tant a la cintura com com a bossa de crossbody perqu\u00e8 t\u00e9 un cintur\u00f3 ample ajustable suau i c\u00f2mode. Aquesta bossa de bandolera t\u00e9 prou espai a l'interior per als vostres petits objectes essencials, com ara claus, un tel\u00e8fon m\u00f2bil, cartera i cosm\u00e8tics.\r\nCada pe\u00e7a est\u00e0 feta a m\u00e0 per garantir eleg\u00e0ncia i durabilitat.\r\nLa pell genu\u00efna de pell de caw pot presentar petites imperfeccions i variacions de color a causa de la naturalesa del material. Aix\u00f2 afegeix singularitat a cada element.\r\nLa pell \u00e9s un material noble, flexible, transpirable i resistent. Madura molt b\u00e9.<\/pre>\n<p>DIMENSIONS:<br \/>\nLa butxaca frontal \u00e9s de 10 x 20 cm o 4&#8243; x 7 1\/2&#8243;<br \/>\nEl compartiment principal s&#8217;obre 20 cm o 8&#8243;<br \/>\nLongueur : 23 cm ou 9\u2033<br \/>\nHauteur : 14 cm ou 5\u2033 1\/2<br \/>\nAmplada: 4cm o 1&#8243;1\/2<\/p>\n<p>Cintur\u00f3: 4 cm d&#8217;ample. Si us plau, proporcioneu mesures dels malucs per ajustar la longitud.<br \/>\nAlternativament deixarem el cintur\u00f3 llarg per ajustar a partir de 75 cm | 30&#8243; m\u00e9s curt a 125 cm | 41&#8243; m\u00e9s llarg<\/p>\n<p>Fes-nos saber si necessites una talla especial per a tu i l&#8217;adaptarem.<\/p>\n<pre id=\"tw-target-text\" class=\"tw-data-text tw-text-large tw-ta\" dir=\"ltr\" role=\"text\" data-placeholder=\"Traduction\" data-ved=\"2ahUKEwijq-P4-LOUAxWSgP0HHRnmOG0Q3ewLegQIDRAV\" aria-label=\"Texte traduit\u00a0: Fem aquesta ri\u00f1onera de pell amb pell espanyola suau. T\u00e9 un \u00fanic compartiment assegurat amb una cremallera YKK met\u00e0l\u00b7lica. Pots portar aquesta ri\u00f1onera tant a la cintura com com a bossa de crossbody perqu\u00e8 t\u00e9 un cintur\u00f3 ajustable. T\u00e9 prou espai a l'interior per cabre tots els vostres elements essencials com ara un tel\u00e8fon m\u00f2bil, cartera, claus i cosm\u00e8tics. El cintur\u00f3 s'obre i es tanca c\u00f2modament amb un mosquet\u00f3. La pell genu\u00efna de pell de caw pot presentar petites imperfeccions i variacions de color a causa de la naturalesa del material. Aix\u00f2 afegeix singularitat a cada element. La pell \u00e9s un material noble, flexible, transpirable i resistent. Madura molt b\u00e9. DIMENSIONS: Longitud: 23 cm o 9&quot; Al\u00e7ada: 14 cm o 5&quot; 1\/2 Amplada: 4cm o 1&quot;1\/2 La longitud de la corretja s'ajusta perqu\u00e8 la puguis portar als malucs i al cos creuat. La longitud total de la ri\u00f1onera i el cintur\u00f3 s'ajusta des dels 70 cm (27 &quot;1\/2) m\u00e9s curts fins als 110 cm o (43&quot;) m\u00e9s llargs (fes-nos saber si necessites una altra mida i longitud). Fes-nos saber si necessites una talla especial per a tu i l'adaptarem.\"><span class=\"Y2IQFc\" lang=\"ca\">\u00a0<\/span><\/pre>","protected":false},"excerpt":{"rendered":"<p>Bossa de cintur\u00f3 amb cremallera, corretja ajustable Disseny compacte amb capacitat d&#8217;emmagatzematge sorprenent. Fem aquesta ri\u00f1onera de pell amb cuir itali\u00e0 100% aut\u00e8ntic. Aquesta bossa de cintura de pell t\u00e9 dos compartiments: un assegurat amb una cremallera ykk met\u00e0l\u00b7lica i la butxaca davantera amb solapa i tanca magn\u00e8tica, perfecta per a tel\u00e8fons m\u00f2bils. Pots portar [&hellip;]<\/p>\n","protected":false},"featured_media":13872,"template":"","meta":[],"product_brand":[],"product_cat":[260],"product_tag":[],"class_list":{"0":"post-13859","1":"product","2":"type-product","3":"status-publish","4":"has-post-thumbnail","6":"product_cat-ronyoneres","7":"pa_color-blau","8":"pa_color-cuir","9":"pa_color-groc-mostassa","10":"pa_color-marro","11":"pa_color-negre","12":"pa_color-verd","13":"pa_color-vi","15":"first","16":"instock","17":"shipping-taxable","18":"purchasable","19":"product-type-variable"},"booking_location":null,"booking_location_type":null,"booking_duration":null,"booking_duration_unit":null,"booking_buffer":null,"booking_cost":null,"booking_resources":null,"_links":{"self":[{"href":"https:\/\/rossymina.cat\/fr\/wp-json\/wp\/v2\/product\/13859","targetHints":{"allow":["GET"]}}],"collection":[{"href":"https:\/\/rossymina.cat\/fr\/wp-json\/wp\/v2\/product"}],"about":[{"href":"https:\/\/rossymina.cat\/fr\/wp-json\/wp\/v2\/types\/product"}],"wp:featuredmedia":[{"embeddable":true,"href":"https:\/\/rossymina.cat\/fr\/wp-json\/wp\/v2\/media\/13872"}],"wp:attachment":[{"href":"https:\/\/rossymina.cat\/fr\/wp-json\/wp\/v2\/media?parent=13859"}],"wp:term":[{"taxonomy":"product_brand","embeddable":true,"href":"https:\/\/rossymina.cat\/fr\/wp-json\/wp\/v2\/product_brand?post=13859"},{"taxonomy":"product_cat","embeddable":true,"href":"https:\/\/rossymina.cat\/fr\/wp-json\/wp\/v2\/product_cat?post=13859"},{"taxonomy":"product_tag","embeddable":true,"href":"https:\/\/rossymina.cat\/fr\/wp-json\/wp\/v2\/product_tag?post=13859"}],"curies":[{"name":"wp","href":"https:\/\/api.w.org\/{rel}","templated":true}]}}